{"id":42,"date":"2024-03-28T17:40:46","date_gmt":"2024-03-28T16:40:46","guid":{"rendered":"https:\/\/laloutiere.fr\/?page_id=42"},"modified":"2025-05-25T16:22:59","modified_gmt":"2025-05-25T14:22:59","slug":"nos-tarifs","status":"publish","type":"page","link":"https:\/\/laloutiere.fr\/index.php\/nos-tarifs\/","title":{"rendered":"Nos tarifs"},"content":{"rendered":"\n<p>Les tarifs pr\u00e9sent\u00e9s ci-dessous sont valables pour l&#8217;ann\u00e9e 2025.<\/p>\n\n\n\n<p>Les tarifs des h\u00e9bergements sont d\u00e9gressifs en fonction du nombre de nuits.<\/p>\n\n\n<div class=\"wp-block-image\">\n<figure class=\"aligncenter size-full\"><img loading=\"lazy\" decoding=\"async\" width=\"609\" height=\"228\" src=\"https:\/\/laloutiere.fr\/wp-content\/uploads\/2025\/05\/tarifs-chambre-juin-2025.png\" alt=\"\" class=\"wp-image-276\" srcset=\"https:\/\/laloutiere.fr\/wp-content\/uploads\/2025\/05\/tarifs-chambre-juin-2025.png 609w, https:\/\/laloutiere.fr\/wp-content\/uploads\/2025\/05\/tarifs-chambre-juin-2025-300x112.png 300w, https:\/\/laloutiere.fr\/wp-content\/uploads\/2025\/05\/tarifs-chambre-juin-2025-160x60.png 160w\" sizes=\"auto, (max-width: 609px) 100vw, 609px\" \/><\/figure>\n<\/div>\n\n\n<div style=\"height:30px\" aria-hidden=\"true\" class=\"wp-block-spacer\"><\/div>\n\n\n\n<p>Les tarifs des prestations sont entendus par repas, nuit ou par s\u00e9jour, comme pr\u00e9cis\u00e9.<\/p>\n\n\n<div class=\"wp-block-image\">\n<figure class=\"aligncenter size-full is-resized\"><img loading=\"lazy\" decoding=\"async\" width=\"819\" height=\"318\" src=\"https:\/\/laloutiere.fr\/wp-content\/uploads\/2025\/05\/tarif-presta-juin-2025.png\" alt=\"\" class=\"wp-image-277\" style=\"width:729px;height:auto\" srcset=\"https:\/\/laloutiere.fr\/wp-content\/uploads\/2025\/05\/tarif-presta-juin-2025.png 819w, https:\/\/laloutiere.fr\/wp-content\/uploads\/2025\/05\/tarif-presta-juin-2025-300x116.png 300w, https:\/\/laloutiere.fr\/wp-content\/uploads\/2025\/05\/tarif-presta-juin-2025-768x298.png 768w, https:\/\/laloutiere.fr\/wp-content\/uploads\/2025\/05\/tarif-presta-juin-2025-155x60.png 155w\" sizes=\"auto, (max-width: 819px) 100vw, 819px\" \/><\/figure>\n<\/div>","protected":false},"excerpt":{"rendered":"<p>Les tarifs pr\u00e9sent\u00e9s ci-dessous sont valables pour l&#8217;ann\u00e9e 2025. Les tarifs des h\u00e9bergements sont d\u00e9gressifs en fonction du nombre de nuits. Les tarifs des prestations sont entendus par repas, nuit &hellip; <\/p>\n","protected":false},"author":1,"featured_media":0,"parent":0,"menu_order":0,"comment_status":"closed","ping_status":"closed","template":"","meta":{"footnotes":""},"class_list":["post-42","page","type-page","status-publish","hentry"],"yoast_head":"<!-- This site is optimized with the Yoast SEO plugin v25.7 - https:\/\/yoast.com\/wordpress\/plugins\/seo\/ -->\n<title>Nos tarifs - G\u00eete la Louti\u00e8re<\/title>\n<meta name=\"robots\" content=\"index, follow, max-snippet:-1, max-image-preview:large, max-video-preview:-1\" \/>\n<link rel=\"canonical\" href=\"https:\/\/laloutiere.fr\/index.php\/nos-tarifs\/\" \/>\n<meta property=\"og:locale\" content=\"en_US\" \/>\n<meta property=\"og:type\" content=\"article\" \/>\n<meta property=\"og:title\" content=\"Nos tarifs - G\u00eete la Louti\u00e8re\" \/>\n<meta property=\"og:description\" content=\"Les tarifs pr\u00e9sent\u00e9s ci-dessous sont valables pour l&#8217;ann\u00e9e 2025. Les tarifs des h\u00e9bergements sont d\u00e9gressifs en fonction du nombre de nuits. Les tarifs des prestations sont entendus par repas, nuit &hellip;\" \/>\n<meta property=\"og:url\" content=\"https:\/\/laloutiere.fr\/index.php\/nos-tarifs\/\" \/>\n<meta property=\"og:site_name\" content=\"G\u00eete la Louti\u00e8re\" \/>\n<meta property=\"article:modified_time\" content=\"2025-05-25T14:22:59+00:00\" \/>\n<meta property=\"og:image\" content=\"https:\/\/laloutiere.fr\/wp-content\/uploads\/2025\/05\/tarifs-chambre-juin-2025.png\" \/>\n\t<meta property=\"og:image:width\" content=\"609\" \/>\n\t<meta property=\"og:image:height\" content=\"228\" \/>\n\t<meta property=\"og:image:type\" content=\"image\/png\" \/>\n<meta name=\"twitter:card\" content=\"summary_large_image\" \/>\n<meta name=\"twitter:label1\" content=\"Est. reading time\" \/>\n\t<meta name=\"twitter:data1\" content=\"1 minute\" \/>\n<script type=\"application\/ld+json\" class=\"yoast-schema-graph\">{\"@context\":\"https:\/\/schema.org\",\"@graph\":[{\"@type\":\"WebPage\",\"@id\":\"https:\/\/laloutiere.fr\/index.php\/nos-tarifs\/\",\"url\":\"https:\/\/laloutiere.fr\/index.php\/nos-tarifs\/\",\"name\":\"Nos tarifs - G\u00eete la Louti\u00e8re\",\"isPartOf\":{\"@id\":\"https:\/\/laloutiere.fr\/#website\"},\"primaryImageOfPage\":{\"@id\":\"https:\/\/laloutiere.fr\/index.php\/nos-tarifs\/#primaryimage\"},\"image\":{\"@id\":\"https:\/\/laloutiere.fr\/index.php\/nos-tarifs\/#primaryimage\"},\"thumbnailUrl\":\"https:\/\/laloutiere.fr\/wp-content\/uploads\/2025\/05\/tarifs-chambre-juin-2025.png\",\"datePublished\":\"2024-03-28T16:40:46+00:00\",\"dateModified\":\"2025-05-25T14:22:59+00:00\",\"breadcrumb\":{\"@id\":\"https:\/\/laloutiere.fr\/index.php\/nos-tarifs\/#breadcrumb\"},\"inLanguage\":\"en-US\",\"potentialAction\":[{\"@type\":\"ReadAction\",\"target\":[\"https:\/\/laloutiere.fr\/index.php\/nos-tarifs\/\"]}]},{\"@type\":\"ImageObject\",\"inLanguage\":\"en-US\",\"@id\":\"https:\/\/laloutiere.fr\/index.php\/nos-tarifs\/#primaryimage\",\"url\":\"https:\/\/laloutiere.fr\/wp-content\/uploads\/2025\/05\/tarifs-chambre-juin-2025.png\",\"contentUrl\":\"https:\/\/laloutiere.fr\/wp-content\/uploads\/2025\/05\/tarifs-chambre-juin-2025.png\",\"width\":609,\"height\":228},{\"@type\":\"BreadcrumbList\",\"@id\":\"https:\/\/laloutiere.fr\/index.php\/nos-tarifs\/#breadcrumb\",\"itemListElement\":[{\"@type\":\"ListItem\",\"position\":1,\"name\":\"Accueil\",\"item\":\"https:\/\/laloutiere.fr\/\"},{\"@type\":\"ListItem\",\"position\":2,\"name\":\"Nos tarifs\"}]},{\"@type\":\"WebSite\",\"@id\":\"https:\/\/laloutiere.fr\/#website\",\"url\":\"https:\/\/laloutiere.fr\/\",\"name\":\"G\u00eete la Louti\u00e8re\",\"description\":\"\",\"publisher\":{\"@id\":\"https:\/\/laloutiere.fr\/#organization\"},\"potentialAction\":[{\"@type\":\"SearchAction\",\"target\":{\"@type\":\"EntryPoint\",\"urlTemplate\":\"https:\/\/laloutiere.fr\/?s={search_term_string}\"},\"query-input\":{\"@type\":\"PropertyValueSpecification\",\"valueRequired\":true,\"valueName\":\"search_term_string\"}}],\"inLanguage\":\"en-US\"},{\"@type\":\"Organization\",\"@id\":\"https:\/\/laloutiere.fr\/#organization\",\"name\":\"G\u00eete la Louti\u00e8re\",\"url\":\"https:\/\/laloutiere.fr\/\",\"logo\":{\"@type\":\"ImageObject\",\"inLanguage\":\"en-US\",\"@id\":\"https:\/\/laloutiere.fr\/#\/schema\/logo\/image\/\",\"url\":\"http:\/\/laloutiere.fr\/wp-content\/uploads\/2024\/03\/cropped-1-9-logo-1.jpeg\",\"contentUrl\":\"http:\/\/laloutiere.fr\/wp-content\/uploads\/2024\/03\/cropped-1-9-logo-1.jpeg\",\"width\":709,\"height\":709,\"caption\":\"G\u00eete la Louti\u00e8re\"},\"image\":{\"@id\":\"https:\/\/laloutiere.fr\/#\/schema\/logo\/image\/\"}}]}<\/script>\n<!-- \/ Yoast SEO plugin. -->","yoast_head_json":{"title":"Nos tarifs - G\u00eete la Louti\u00e8re","robots":{"index":"index","follow":"follow","max-snippet":"max-snippet:-1","max-image-preview":"max-image-preview:large","max-video-preview":"max-video-preview:-1"},"canonical":"https:\/\/laloutiere.fr\/index.php\/nos-tarifs\/","og_locale":"en_US","og_type":"article","og_title":"Nos tarifs - G\u00eete la Louti\u00e8re","og_description":"Les tarifs pr\u00e9sent\u00e9s ci-dessous sont valables pour l&#8217;ann\u00e9e 2025. Les tarifs des h\u00e9bergements sont d\u00e9gressifs en fonction du nombre de nuits. Les tarifs des prestations sont entendus par repas, nuit &hellip;","og_url":"https:\/\/laloutiere.fr\/index.php\/nos-tarifs\/","og_site_name":"G\u00eete la Louti\u00e8re","article_modified_time":"2025-05-25T14:22:59+00:00","og_image":[{"width":609,"height":228,"url":"https:\/\/laloutiere.fr\/wp-content\/uploads\/2025\/05\/tarifs-chambre-juin-2025.png","type":"image\/png"}],"twitter_card":"summary_large_image","twitter_misc":{"Est. reading time":"1 minute"},"schema":{"@context":"https:\/\/schema.org","@graph":[{"@type":"WebPage","@id":"https:\/\/laloutiere.fr\/index.php\/nos-tarifs\/","url":"https:\/\/laloutiere.fr\/index.php\/nos-tarifs\/","name":"Nos tarifs - G\u00eete la Louti\u00e8re","isPartOf":{"@id":"https:\/\/laloutiere.fr\/#website"},"primaryImageOfPage":{"@id":"https:\/\/laloutiere.fr\/index.php\/nos-tarifs\/#primaryimage"},"image":{"@id":"https:\/\/laloutiere.fr\/index.php\/nos-tarifs\/#primaryimage"},"thumbnailUrl":"https:\/\/laloutiere.fr\/wp-content\/uploads\/2025\/05\/tarifs-chambre-juin-2025.png","datePublished":"2024-03-28T16:40:46+00:00","dateModified":"2025-05-25T14:22:59+00:00","breadcrumb":{"@id":"https:\/\/laloutiere.fr\/index.php\/nos-tarifs\/#breadcrumb"},"inLanguage":"en-US","potentialAction":[{"@type":"ReadAction","target":["https:\/\/laloutiere.fr\/index.php\/nos-tarifs\/"]}]},{"@type":"ImageObject","inLanguage":"en-US","@id":"https:\/\/laloutiere.fr\/index.php\/nos-tarifs\/#primaryimage","url":"https:\/\/laloutiere.fr\/wp-content\/uploads\/2025\/05\/tarifs-chambre-juin-2025.png","contentUrl":"https:\/\/laloutiere.fr\/wp-content\/uploads\/2025\/05\/tarifs-chambre-juin-2025.png","width":609,"height":228},{"@type":"BreadcrumbList","@id":"https:\/\/laloutiere.fr\/index.php\/nos-tarifs\/#breadcrumb","itemListElement":[{"@type":"ListItem","position":1,"name":"Accueil","item":"https:\/\/laloutiere.fr\/"},{"@type":"ListItem","position":2,"name":"Nos tarifs"}]},{"@type":"WebSite","@id":"https:\/\/laloutiere.fr\/#website","url":"https:\/\/laloutiere.fr\/","name":"G\u00eete la Louti\u00e8re","description":"","publisher":{"@id":"https:\/\/laloutiere.fr\/#organization"},"potentialAction":[{"@type":"SearchAction","target":{"@type":"EntryPoint","urlTemplate":"https:\/\/laloutiere.fr\/?s={search_term_string}"},"query-input":{"@type":"PropertyValueSpecification","valueRequired":true,"valueName":"search_term_string"}}],"inLanguage":"en-US"},{"@type":"Organization","@id":"https:\/\/laloutiere.fr\/#organization","name":"G\u00eete la Louti\u00e8re","url":"https:\/\/laloutiere.fr\/","logo":{"@type":"ImageObject","inLanguage":"en-US","@id":"https:\/\/laloutiere.fr\/#\/schema\/logo\/image\/","url":"http:\/\/laloutiere.fr\/wp-content\/uploads\/2024\/03\/cropped-1-9-logo-1.jpeg","contentUrl":"http:\/\/laloutiere.fr\/wp-content\/uploads\/2024\/03\/cropped-1-9-logo-1.jpeg","width":709,"height":709,"caption":"G\u00eete la Louti\u00e8re"},"image":{"@id":"https:\/\/laloutiere.fr\/#\/schema\/logo\/image\/"}}]}},"_links":{"self":[{"href":"https:\/\/laloutiere.fr\/index.php\/wp-json\/wp\/v2\/pages\/42","targetHints":{"allow":["GET"]}}],"collection":[{"href":"https:\/\/laloutiere.fr\/index.php\/wp-json\/wp\/v2\/pages"}],"about":[{"href":"https:\/\/laloutiere.fr\/index.php\/wp-json\/wp\/v2\/types\/page"}],"author":[{"embeddable":true,"href":"https:\/\/laloutiere.fr\/index.php\/wp-json\/wp\/v2\/users\/1"}],"replies":[{"embeddable":true,"href":"https:\/\/laloutiere.fr\/index.php\/wp-json\/wp\/v2\/comments?post=42"}],"version-history":[{"count":8,"href":"https:\/\/laloutiere.fr\/index.php\/wp-json\/wp\/v2\/pages\/42\/revisions"}],"predecessor-version":[{"id":278,"href":"https:\/\/laloutiere.fr\/index.php\/wp-json\/wp\/v2\/pages\/42\/revisions\/278"}],"wp:attachment":[{"href":"https:\/\/laloutiere.fr\/index.php\/wp-json\/wp\/v2\/media?parent=42"}],"curies":[{"name":"wp","href":"https:\/\/api.w.org\/{rel}","templated":true}]}}