{"id":41,"date":"2024-03-28T17:40:46","date_gmt":"2024-03-28T16:40:46","guid":{"rendered":"https:\/\/laloutiere.fr\/?page_id=41"},"modified":"2025-05-18T10:11:57","modified_gmt":"2025-05-18T08:11:57","slug":"nos-autres-prestations","status":"publish","type":"page","link":"https:\/\/laloutiere.fr\/index.php\/nos-autres-prestations\/","title":{"rendered":"Nos autres prestations"},"content":{"rendered":"\n<div class=\"wp-block-group is-nowrap is-layout-flex wp-container-core-group-is-layout-ad2f72ca wp-block-group-is-layout-flex\">\n<div class=\"wp-block-group\"><div class=\"wp-block-group__inner-container is-layout-constrained wp-block-group-is-layout-constrained\">\n<p><strong>Prestations offertes :<\/strong><\/p>\n\n\n\n<ul class=\"wp-block-list\">\n<li>Wifi,<\/li>\n\n\n\n<li>Acc\u00e8s \u00e0 notre <a href=\"https:\/\/drive.google.com\/file\/d\/1HEVNxu03c_X8LgCxkQN_jUZCQe4xLP-V\/view?usp=drive_link\">ludoth\u00e8que<\/a>,<\/li>\n\n\n\n<li>Lit parapluie,<\/li>\n\n\n\n<li>Pr\u00eat de cartes et guides de randonn\u00e9e, informations touristiques,<\/li>\n\n\n\n<li>Offres promotionnelles \u00e0 la base nautique du lac des Settons <a href=\"https:\/\/activital.net\/loisirs-nautiques-et-terrestres-au-lac-des-settons-dans-le-morvan-2024\/\">Activital<\/a>.<\/li>\n<\/ul>\n<\/div><\/div>\n\n\n\n<figure class=\"wp-block-image size-large is-resized\"><img loading=\"lazy\" decoding=\"async\" width=\"768\" height=\"1024\" src=\"http:\/\/laloutiere.fr\/wp-content\/uploads\/2024\/03\/zjeux-768x1024.jpg\" alt=\"\" class=\"wp-image-144\" style=\"width:268px;height:auto\" srcset=\"https:\/\/laloutiere.fr\/wp-content\/uploads\/2024\/03\/zjeux-768x1024.jpg 768w, https:\/\/laloutiere.fr\/wp-content\/uploads\/2024\/03\/zjeux-225x300.jpg 225w, https:\/\/laloutiere.fr\/wp-content\/uploads\/2024\/03\/zjeux-1152x1536.jpg 1152w, https:\/\/laloutiere.fr\/wp-content\/uploads\/2024\/03\/zjeux-45x60.jpg 45w, https:\/\/laloutiere.fr\/wp-content\/uploads\/2024\/03\/zjeux.jpg 1536w\" sizes=\"auto, (max-width: 768px) 100vw, 768px\" \/><\/figure>\n<\/div>\n\n\n\n<div style=\"height:60px\" aria-hidden=\"true\" class=\"wp-block-spacer\"><\/div>\n\n\n\n<div class=\"wp-block-group\"><div class=\"wp-block-group__inner-container is-layout-constrained wp-block-group-is-layout-constrained\">\n<div class=\"wp-block-group is-nowrap is-layout-flex wp-container-core-group-is-layout-ad2f72ca wp-block-group-is-layout-flex\">\n<figure class=\"wp-block-image size-large is-resized\"><img loading=\"lazy\" decoding=\"async\" width=\"1024\" height=\"768\" src=\"https:\/\/laloutiere.fr\/wp-content\/uploads\/2024\/03\/P1000646-1-1024x768.jpg\" alt=\"\" class=\"wp-image-146\" style=\"width:343px;height:auto\" srcset=\"https:\/\/laloutiere.fr\/wp-content\/uploads\/2024\/03\/P1000646-1-1024x768.jpg 1024w, https:\/\/laloutiere.fr\/wp-content\/uploads\/2024\/03\/P1000646-1-300x225.jpg 300w, https:\/\/laloutiere.fr\/wp-content\/uploads\/2024\/03\/P1000646-1-768x576.jpg 768w, https:\/\/laloutiere.fr\/wp-content\/uploads\/2024\/03\/P1000646-1-1536x1152.jpg 1536w, https:\/\/laloutiere.fr\/wp-content\/uploads\/2024\/03\/P1000646-1-2048x1536.jpg 2048w, https:\/\/laloutiere.fr\/wp-content\/uploads\/2024\/03\/P1000646-1-80x60.jpg 80w, https:\/\/laloutiere.fr\/wp-content\/uploads\/2024\/03\/P1000646-1-640x480.jpg 640w, https:\/\/laloutiere.fr\/wp-content\/uploads\/2024\/03\/P1000646-1-110x83.jpg 110w\" sizes=\"auto, (max-width: 1024px) 100vw, 1024px\" \/><\/figure>\n\n\n\n<div class=\"wp-block-group\"><div class=\"wp-block-group__inner-container is-layout-constrained wp-block-group-is-layout-constrained\">\n<p><strong>Prestations <a href=\"https:\/\/laloutiere.fr\/index.php\/nos-tarifs\/\">payantes<\/a> :<\/strong><\/p>\n\n\n\n<ul class=\"wp-block-list\">\n<li>Petit d\u00e9jeuner compos\u00e9 de produits locaux, artisanaux, du fait maison,<\/li>\n\n\n\n<li>Panier repas.<\/li>\n\n\n\n<li>Couettes et housses de couettes pour les espaces g\u00eete 5-6 personnes, g\u00eete de groupe, g\u00eete d&#8217;\u00e9tape,<\/li>\n\n\n\n<li>Serviettes de toilette pour les espaces g\u00eete 5-6 personnes, g\u00eete d&#8217;\u00e9tape.<\/li>\n<\/ul>\n<\/div><\/div>\n<\/div>\n<\/div><\/div>\n\n\n\n<div style=\"height:60px\" aria-hidden=\"true\" class=\"wp-block-spacer\"><\/div>\n\n\n\n<div class=\"wp-block-group is-nowrap is-layout-flex wp-container-core-group-is-layout-ad2f72ca wp-block-group-is-layout-flex\">\n<div class=\"wp-block-group\"><div class=\"wp-block-group__inner-container is-layout-constrained wp-block-group-is-layout-constrained\">\n<p><strong><strong><strong>Services disponibles \u00e0 proximit\u00e9 :<\/strong><\/strong><\/strong><\/p>\n\n\n\n<ul class=\"wp-block-list\">\n<li>Point informations touristiques<\/li>\n\n\n\n<li>Bars, restaurants,<\/li>\n\n\n\n<li>Boulangerie,<\/li>\n\n\n\n<li>Commerces d&#8217;alimentation,<\/li>\n\n\n\n<li><a href=\"https:\/\/cavesbarbotte.com\/\">Cave avec d\u00e9gustation (sur r\u00e9servation)<\/a><\/li>\n\n\n\n<li><a href=\"https:\/\/www.sceniquanon.com\/ouroux-en-morvan-2\/\">Cin\u00e9ma<\/a>,<\/li>\n\n\n\n<li>Poste,<\/li>\n\n\n\n<li>Banques,<\/li>\n\n\n\n<li>Garage et station service,<\/li>\n\n\n\n<li>Salle des f\u00eates (sur r\u00e9servation aupr\u00e8s de la Mairie),<\/li>\n\n\n\n<li>Terrain de tennis, parcours sant\u00e9, air de jeux,<\/li>\n\n\n\n<li>\u00c9tang de p\u00eache,<\/li>\n\n\n\n<li>Chemins de randonn\u00e9es (GR Tour du Morvan et Chemins Balis\u00e9s)<\/li>\n\n\n\n<li>Chemins de VTT (Grande Travers\u00e9e du Massif Central GTMC)<\/li>\n\n\n\n<li>Lac multi-activit\u00e9s (lac des Settons) &#8211; 15 min<\/li>\n\n\n\n<li>Lac paisible pour se baigner, se reposer (lac de Panneci\u00e8re) &#8211; 15 min<\/li>\n<\/ul>\n<\/div><\/div>\n\n\n\n<figure class=\"wp-block-image size-full is-resized\"><img loading=\"lazy\" decoding=\"async\" width=\"640\" height=\"480\" src=\"https:\/\/laloutiere.fr\/wp-content\/uploads\/2025\/01\/CLAP.jpg\" alt=\"\" class=\"wp-image-244\" style=\"width:268px;height:auto\" srcset=\"https:\/\/laloutiere.fr\/wp-content\/uploads\/2025\/01\/CLAP.jpg 640w, https:\/\/laloutiere.fr\/wp-content\/uploads\/2025\/01\/CLAP-300x225.jpg 300w, https:\/\/laloutiere.fr\/wp-content\/uploads\/2025\/01\/CLAP-80x60.jpg 80w, https:\/\/laloutiere.fr\/wp-content\/uploads\/2025\/01\/CLAP-110x83.jpg 110w\" sizes=\"auto, (max-width: 640px) 100vw, 640px\" \/><\/figure>\n<\/div>\n\n\n\n<ul class=\"wp-block-list\"><\/ul>\n\n\n\n<p><\/p>\n","protected":false},"excerpt":{"rendered":"<p>Prestations offertes : Prestations payantes : Services disponibles \u00e0 proximit\u00e9 :<\/p>\n","protected":false},"author":1,"featured_media":0,"parent":0,"menu_order":0,"comment_status":"closed","ping_status":"closed","template":"","meta":{"footnotes":""},"class_list":["post-41","page","type-page","status-publish","hentry"],"yoast_head":"<!-- This site is optimized with the Yoast SEO plugin v25.7 - https:\/\/yoast.com\/wordpress\/plugins\/seo\/ -->\n<title>Nos autres prestations - G\u00eete la Louti\u00e8re<\/title>\n<meta name=\"robots\" content=\"index, follow, max-snippet:-1, max-image-preview:large, max-video-preview:-1\" \/>\n<link rel=\"canonical\" href=\"https:\/\/laloutiere.fr\/index.php\/nos-autres-prestations\/\" \/>\n<meta property=\"og:locale\" content=\"en_US\" \/>\n<meta property=\"og:type\" content=\"article\" \/>\n<meta property=\"og:title\" content=\"Nos autres prestations - G\u00eete la Louti\u00e8re\" \/>\n<meta property=\"og:description\" content=\"Prestations offertes : Prestations payantes : Services disponibles \u00e0 proximit\u00e9 :\" \/>\n<meta property=\"og:url\" content=\"https:\/\/laloutiere.fr\/index.php\/nos-autres-prestations\/\" \/>\n<meta property=\"og:site_name\" content=\"G\u00eete la Louti\u00e8re\" \/>\n<meta property=\"article:modified_time\" content=\"2025-05-18T08:11:57+00:00\" \/>\n<meta property=\"og:image\" content=\"https:\/\/laloutiere.fr\/wp-content\/uploads\/2024\/03\/zjeux.jpg\" \/>\n\t<meta property=\"og:image:width\" content=\"1536\" \/>\n\t<meta property=\"og:image:height\" content=\"2048\" \/>\n\t<meta property=\"og:image:type\" content=\"image\/jpeg\" \/>\n<meta name=\"twitter:card\" content=\"summary_large_image\" \/>\n<meta name=\"twitter:label1\" content=\"Est. reading time\" \/>\n\t<meta name=\"twitter:data1\" content=\"5 minutes\" \/>\n<script type=\"application\/ld+json\" class=\"yoast-schema-graph\">{\"@context\":\"https:\/\/schema.org\",\"@graph\":[{\"@type\":\"WebPage\",\"@id\":\"https:\/\/laloutiere.fr\/index.php\/nos-autres-prestations\/\",\"url\":\"https:\/\/laloutiere.fr\/index.php\/nos-autres-prestations\/\",\"name\":\"Nos autres prestations - G\u00eete la Louti\u00e8re\",\"isPartOf\":{\"@id\":\"https:\/\/laloutiere.fr\/#website\"},\"primaryImageOfPage\":{\"@id\":\"https:\/\/laloutiere.fr\/index.php\/nos-autres-prestations\/#primaryimage\"},\"image\":{\"@id\":\"https:\/\/laloutiere.fr\/index.php\/nos-autres-prestations\/#primaryimage\"},\"thumbnailUrl\":\"http:\/\/laloutiere.fr\/wp-content\/uploads\/2024\/03\/zjeux-768x1024.jpg\",\"datePublished\":\"2024-03-28T16:40:46+00:00\",\"dateModified\":\"2025-05-18T08:11:57+00:00\",\"breadcrumb\":{\"@id\":\"https:\/\/laloutiere.fr\/index.php\/nos-autres-prestations\/#breadcrumb\"},\"inLanguage\":\"en-US\",\"potentialAction\":[{\"@type\":\"ReadAction\",\"target\":[\"https:\/\/laloutiere.fr\/index.php\/nos-autres-prestations\/\"]}]},{\"@type\":\"ImageObject\",\"inLanguage\":\"en-US\",\"@id\":\"https:\/\/laloutiere.fr\/index.php\/nos-autres-prestations\/#primaryimage\",\"url\":\"https:\/\/laloutiere.fr\/wp-content\/uploads\/2024\/03\/zjeux.jpg\",\"contentUrl\":\"https:\/\/laloutiere.fr\/wp-content\/uploads\/2024\/03\/zjeux.jpg\",\"width\":1536,\"height\":2048},{\"@type\":\"BreadcrumbList\",\"@id\":\"https:\/\/laloutiere.fr\/index.php\/nos-autres-prestations\/#breadcrumb\",\"itemListElement\":[{\"@type\":\"ListItem\",\"position\":1,\"name\":\"Accueil\",\"item\":\"https:\/\/laloutiere.fr\/\"},{\"@type\":\"ListItem\",\"position\":2,\"name\":\"Nos autres prestations\"}]},{\"@type\":\"WebSite\",\"@id\":\"https:\/\/laloutiere.fr\/#website\",\"url\":\"https:\/\/laloutiere.fr\/\",\"name\":\"G\u00eete la Louti\u00e8re\",\"description\":\"\",\"publisher\":{\"@id\":\"https:\/\/laloutiere.fr\/#organization\"},\"potentialAction\":[{\"@type\":\"SearchAction\",\"target\":{\"@type\":\"EntryPoint\",\"urlTemplate\":\"https:\/\/laloutiere.fr\/?s={search_term_string}\"},\"query-input\":{\"@type\":\"PropertyValueSpecification\",\"valueRequired\":true,\"valueName\":\"search_term_string\"}}],\"inLanguage\":\"en-US\"},{\"@type\":\"Organization\",\"@id\":\"https:\/\/laloutiere.fr\/#organization\",\"name\":\"G\u00eete la Louti\u00e8re\",\"url\":\"https:\/\/laloutiere.fr\/\",\"logo\":{\"@type\":\"ImageObject\",\"inLanguage\":\"en-US\",\"@id\":\"https:\/\/laloutiere.fr\/#\/schema\/logo\/image\/\",\"url\":\"http:\/\/laloutiere.fr\/wp-content\/uploads\/2024\/03\/cropped-1-9-logo-1.jpeg\",\"contentUrl\":\"http:\/\/laloutiere.fr\/wp-content\/uploads\/2024\/03\/cropped-1-9-logo-1.jpeg\",\"width\":709,\"height\":709,\"caption\":\"G\u00eete la Louti\u00e8re\"},\"image\":{\"@id\":\"https:\/\/laloutiere.fr\/#\/schema\/logo\/image\/\"}}]}<\/script>\n<!-- \/ Yoast SEO plugin. -->","yoast_head_json":{"title":"Nos autres prestations - G\u00eete la Louti\u00e8re","robots":{"index":"index","follow":"follow","max-snippet":"max-snippet:-1","max-image-preview":"max-image-preview:large","max-video-preview":"max-video-preview:-1"},"canonical":"https:\/\/laloutiere.fr\/index.php\/nos-autres-prestations\/","og_locale":"en_US","og_type":"article","og_title":"Nos autres prestations - G\u00eete la Louti\u00e8re","og_description":"Prestations offertes : Prestations payantes : Services disponibles \u00e0 proximit\u00e9 :","og_url":"https:\/\/laloutiere.fr\/index.php\/nos-autres-prestations\/","og_site_name":"G\u00eete la Louti\u00e8re","article_modified_time":"2025-05-18T08:11:57+00:00","og_image":[{"width":1536,"height":2048,"url":"https:\/\/laloutiere.fr\/wp-content\/uploads\/2024\/03\/zjeux.jpg","type":"image\/jpeg"}],"twitter_card":"summary_large_image","twitter_misc":{"Est. reading time":"5 minutes"},"schema":{"@context":"https:\/\/schema.org","@graph":[{"@type":"WebPage","@id":"https:\/\/laloutiere.fr\/index.php\/nos-autres-prestations\/","url":"https:\/\/laloutiere.fr\/index.php\/nos-autres-prestations\/","name":"Nos autres prestations - G\u00eete la Louti\u00e8re","isPartOf":{"@id":"https:\/\/laloutiere.fr\/#website"},"primaryImageOfPage":{"@id":"https:\/\/laloutiere.fr\/index.php\/nos-autres-prestations\/#primaryimage"},"image":{"@id":"https:\/\/laloutiere.fr\/index.php\/nos-autres-prestations\/#primaryimage"},"thumbnailUrl":"http:\/\/laloutiere.fr\/wp-content\/uploads\/2024\/03\/zjeux-768x1024.jpg","datePublished":"2024-03-28T16:40:46+00:00","dateModified":"2025-05-18T08:11:57+00:00","breadcrumb":{"@id":"https:\/\/laloutiere.fr\/index.php\/nos-autres-prestations\/#breadcrumb"},"inLanguage":"en-US","potentialAction":[{"@type":"ReadAction","target":["https:\/\/laloutiere.fr\/index.php\/nos-autres-prestations\/"]}]},{"@type":"ImageObject","inLanguage":"en-US","@id":"https:\/\/laloutiere.fr\/index.php\/nos-autres-prestations\/#primaryimage","url":"https:\/\/laloutiere.fr\/wp-content\/uploads\/2024\/03\/zjeux.jpg","contentUrl":"https:\/\/laloutiere.fr\/wp-content\/uploads\/2024\/03\/zjeux.jpg","width":1536,"height":2048},{"@type":"BreadcrumbList","@id":"https:\/\/laloutiere.fr\/index.php\/nos-autres-prestations\/#breadcrumb","itemListElement":[{"@type":"ListItem","position":1,"name":"Accueil","item":"https:\/\/laloutiere.fr\/"},{"@type":"ListItem","position":2,"name":"Nos autres prestations"}]},{"@type":"WebSite","@id":"https:\/\/laloutiere.fr\/#website","url":"https:\/\/laloutiere.fr\/","name":"G\u00eete la Louti\u00e8re","description":"","publisher":{"@id":"https:\/\/laloutiere.fr\/#organization"},"potentialAction":[{"@type":"SearchAction","target":{"@type":"EntryPoint","urlTemplate":"https:\/\/laloutiere.fr\/?s={search_term_string}"},"query-input":{"@type":"PropertyValueSpecification","valueRequired":true,"valueName":"search_term_string"}}],"inLanguage":"en-US"},{"@type":"Organization","@id":"https:\/\/laloutiere.fr\/#organization","name":"G\u00eete la Louti\u00e8re","url":"https:\/\/laloutiere.fr\/","logo":{"@type":"ImageObject","inLanguage":"en-US","@id":"https:\/\/laloutiere.fr\/#\/schema\/logo\/image\/","url":"http:\/\/laloutiere.fr\/wp-content\/uploads\/2024\/03\/cropped-1-9-logo-1.jpeg","contentUrl":"http:\/\/laloutiere.fr\/wp-content\/uploads\/2024\/03\/cropped-1-9-logo-1.jpeg","width":709,"height":709,"caption":"G\u00eete la Louti\u00e8re"},"image":{"@id":"https:\/\/laloutiere.fr\/#\/schema\/logo\/image\/"}}]}},"_links":{"self":[{"href":"https:\/\/laloutiere.fr\/index.php\/wp-json\/wp\/v2\/pages\/41","targetHints":{"allow":["GET"]}}],"collection":[{"href":"https:\/\/laloutiere.fr\/index.php\/wp-json\/wp\/v2\/pages"}],"about":[{"href":"https:\/\/laloutiere.fr\/index.php\/wp-json\/wp\/v2\/types\/page"}],"author":[{"embeddable":true,"href":"https:\/\/laloutiere.fr\/index.php\/wp-json\/wp\/v2\/users\/1"}],"replies":[{"embeddable":true,"href":"https:\/\/laloutiere.fr\/index.php\/wp-json\/wp\/v2\/comments?post=41"}],"version-history":[{"count":13,"href":"https:\/\/laloutiere.fr\/index.php\/wp-json\/wp\/v2\/pages\/41\/revisions"}],"predecessor-version":[{"id":271,"href":"https:\/\/laloutiere.fr\/index.php\/wp-json\/wp\/v2\/pages\/41\/revisions\/271"}],"wp:attachment":[{"href":"https:\/\/laloutiere.fr\/index.php\/wp-json\/wp\/v2\/media?parent=41"}],"curies":[{"name":"wp","href":"https:\/\/api.w.org\/{rel}","templated":true}]}}