{"id":39,"date":"2024-03-28T17:40:46","date_gmt":"2024-03-28T16:40:46","guid":{"rendered":"https:\/\/laloutiere.fr\/?page_id=39"},"modified":"2025-01-22T23:13:24","modified_gmt":"2025-01-22T22:13:24","slug":"gite-de-groupe-18-personnes","status":"publish","type":"page","link":"https:\/\/laloutiere.fr\/index.php\/gite-de-groupe-18-personnes\/","title":{"rendered":"G\u00eete de groupe 18 personnes"},"content":{"rendered":"\n<div class=\"wp-block-media-text has-media-on-the-right is-stacked-on-mobile\" style=\"grid-template-columns:auto 46%\"><div class=\"wp-block-media-text__content\">\n<p>Le g\u00eete la Louti\u00e8re dispose d\u2019un espace pr\u00e9vu pour 18 personnes, situ\u00e9 au 2<sup>\u00e8me<\/sup> \u00e9tage de l\u2019\u00e9cole des gar\u00e7ons.<\/p>\n\n\n\n<p>L\u2019espace est compos\u00e9 d\u2019une chambre de 7 lits (6 superpos\u00e9s et 1 simple), 3 chambres de 3 lits, dont 2 chambres disposant de lits gigognes en sus. 3 salles d\u2019eau sont \u00e0 votre disposition, ainsi qu\u2019un petit salon et une cuisine.<\/p>\n\n\n\n<p>Les draps housse et taies d\u2019oreiller sont fournies, et chaque lit dispose d\u2019une couverture d\u2019appoint. Il est recommand\u00e9 d\u2019apporter un duvet ou \u00ab&nbsp;sac \u00e0 viande&nbsp;\u00bb. Il nous est \u00e9galement possible de vous fournir les couettes et housses de couettes (prestation suppl\u00e9mentaire).<\/p>\n<\/div><figure class=\"wp-block-media-text__media\"><img loading=\"lazy\" decoding=\"async\" width=\"614\" height=\"501\" src=\"https:\/\/laloutiere.fr\/wp-content\/uploads\/2024\/03\/plan-2023-gite-162.png\" alt=\"\" class=\"wp-image-115 size-full\" srcset=\"https:\/\/laloutiere.fr\/wp-content\/uploads\/2024\/03\/plan-2023-gite-162.png 614w, https:\/\/laloutiere.fr\/wp-content\/uploads\/2024\/03\/plan-2023-gite-162-300x245.png 300w, https:\/\/laloutiere.fr\/wp-content\/uploads\/2024\/03\/plan-2023-gite-162-74x60.png 74w\" sizes=\"auto, (max-width: 614px) 100vw, 614px\" \/><\/figure><\/div>\n\n\n\n<div class=\"wp-block-columns is-layout-flex wp-container-core-columns-is-layout-9d6595d7 wp-block-columns-is-layout-flex\">\n<div class=\"wp-block-column is-layout-flow wp-block-column-is-layout-flow\">\n<figure class=\"wp-block-image size-large\"><img loading=\"lazy\" decoding=\"async\" width=\"1024\" height=\"768\" src=\"http:\/\/laloutiere.fr\/wp-content\/uploads\/2024\/05\/20240417_163535-1024x768.jpg\" alt=\"\" class=\"wp-image-219\" srcset=\"https:\/\/laloutiere.fr\/wp-content\/uploads\/2024\/05\/20240417_163535-1024x768.jpg 1024w, https:\/\/laloutiere.fr\/wp-content\/uploads\/2024\/05\/20240417_163535-300x225.jpg 300w, https:\/\/laloutiere.fr\/wp-content\/uploads\/2024\/05\/20240417_163535-768x576.jpg 768w, https:\/\/laloutiere.fr\/wp-content\/uploads\/2024\/05\/20240417_163535-1536x1152.jpg 1536w, https:\/\/laloutiere.fr\/wp-content\/uploads\/2024\/05\/20240417_163535-2048x1536.jpg 2048w, https:\/\/laloutiere.fr\/wp-content\/uploads\/2024\/05\/20240417_163535-80x60.jpg 80w, https:\/\/laloutiere.fr\/wp-content\/uploads\/2024\/05\/20240417_163535-640x480.jpg 640w, https:\/\/laloutiere.fr\/wp-content\/uploads\/2024\/05\/20240417_163535-110x83.jpg 110w\" sizes=\"auto, (max-width: 1024px) 100vw, 1024px\" \/><figcaption class=\"wp-element-caption\">G\u00eete de groupe &#8211; Cuisine salle \u00e0 manger<\/figcaption><\/figure>\n<\/div>\n\n\n\n<div class=\"wp-block-column is-layout-flow wp-block-column-is-layout-flow\">\n<figure class=\"wp-block-image size-large\"><img loading=\"lazy\" decoding=\"async\" width=\"1024\" height=\"768\" src=\"http:\/\/laloutiere.fr\/wp-content\/uploads\/2024\/05\/20240417_163501-1024x768.jpg\" alt=\"\" class=\"wp-image-218\" srcset=\"https:\/\/laloutiere.fr\/wp-content\/uploads\/2024\/05\/20240417_163501-1024x768.jpg 1024w, https:\/\/laloutiere.fr\/wp-content\/uploads\/2024\/05\/20240417_163501-300x225.jpg 300w, https:\/\/laloutiere.fr\/wp-content\/uploads\/2024\/05\/20240417_163501-768x576.jpg 768w, https:\/\/laloutiere.fr\/wp-content\/uploads\/2024\/05\/20240417_163501-1536x1152.jpg 1536w, https:\/\/laloutiere.fr\/wp-content\/uploads\/2024\/05\/20240417_163501-2048x1536.jpg 2048w, https:\/\/laloutiere.fr\/wp-content\/uploads\/2024\/05\/20240417_163501-80x60.jpg 80w, https:\/\/laloutiere.fr\/wp-content\/uploads\/2024\/05\/20240417_163501-640x480.jpg 640w, https:\/\/laloutiere.fr\/wp-content\/uploads\/2024\/05\/20240417_163501-110x83.jpg 110w\" sizes=\"auto, (max-width: 1024px) 100vw, 1024px\" \/><figcaption class=\"wp-element-caption\">G\u00eete de groupe &#8211; Cuisine salle \u00e0 manger<\/figcaption><\/figure>\n<\/div>\n<\/div>\n\n\n\n<div class=\"wp-block-columns is-layout-flex wp-container-core-columns-is-layout-9d6595d7 wp-block-columns-is-layout-flex\">\n<div class=\"wp-block-column is-layout-flow wp-block-column-is-layout-flow\">\n<figure class=\"wp-block-image size-large\"><img loading=\"lazy\" decoding=\"async\" width=\"1024\" height=\"768\" src=\"http:\/\/laloutiere.fr\/wp-content\/uploads\/2024\/05\/20240417_160238-1024x768.jpg\" alt=\"\" class=\"wp-image-211\" srcset=\"https:\/\/laloutiere.fr\/wp-content\/uploads\/2024\/05\/20240417_160238-1024x768.jpg 1024w, https:\/\/laloutiere.fr\/wp-content\/uploads\/2024\/05\/20240417_160238-300x225.jpg 300w, https:\/\/laloutiere.fr\/wp-content\/uploads\/2024\/05\/20240417_160238-768x576.jpg 768w, https:\/\/laloutiere.fr\/wp-content\/uploads\/2024\/05\/20240417_160238-1536x1152.jpg 1536w, https:\/\/laloutiere.fr\/wp-content\/uploads\/2024\/05\/20240417_160238-2048x1536.jpg 2048w, https:\/\/laloutiere.fr\/wp-content\/uploads\/2024\/05\/20240417_160238-80x60.jpg 80w, https:\/\/laloutiere.fr\/wp-content\/uploads\/2024\/05\/20240417_160238-640x480.jpg 640w, https:\/\/laloutiere.fr\/wp-content\/uploads\/2024\/05\/20240417_160238-110x83.jpg 110w\" sizes=\"auto, (max-width: 1024px) 100vw, 1024px\" \/><figcaption class=\"wp-element-caption\">G\u00eete de groupe &#8211; dortoir 7 lits<\/figcaption><\/figure>\n<\/div>\n\n\n\n<div class=\"wp-block-column is-layout-flow wp-block-column-is-layout-flow\">\n<figure class=\"wp-block-image size-large\"><img loading=\"lazy\" decoding=\"async\" width=\"1024\" height=\"768\" src=\"http:\/\/laloutiere.fr\/wp-content\/uploads\/2024\/05\/20240417_160728-1024x768.jpg\" alt=\"\" class=\"wp-image-212\" srcset=\"https:\/\/laloutiere.fr\/wp-content\/uploads\/2024\/05\/20240417_160728-1024x768.jpg 1024w, https:\/\/laloutiere.fr\/wp-content\/uploads\/2024\/05\/20240417_160728-300x225.jpg 300w, https:\/\/laloutiere.fr\/wp-content\/uploads\/2024\/05\/20240417_160728-768x576.jpg 768w, https:\/\/laloutiere.fr\/wp-content\/uploads\/2024\/05\/20240417_160728-1536x1152.jpg 1536w, https:\/\/laloutiere.fr\/wp-content\/uploads\/2024\/05\/20240417_160728-2048x1536.jpg 2048w, https:\/\/laloutiere.fr\/wp-content\/uploads\/2024\/05\/20240417_160728-80x60.jpg 80w, https:\/\/laloutiere.fr\/wp-content\/uploads\/2024\/05\/20240417_160728-640x480.jpg 640w, https:\/\/laloutiere.fr\/wp-content\/uploads\/2024\/05\/20240417_160728-110x83.jpg 110w\" sizes=\"auto, (max-width: 1024px) 100vw, 1024px\" \/><figcaption class=\"wp-element-caption\">G\u00eete de groupe &#8211; dortoir 7 lits<\/figcaption><\/figure>\n<\/div>\n<\/div>\n\n\n\n<div class=\"wp-block-columns is-layout-flex wp-container-core-columns-is-layout-9d6595d7 wp-block-columns-is-layout-flex\">\n<div class=\"wp-block-column is-layout-flow wp-block-column-is-layout-flow\">\n<figure class=\"wp-block-image size-large\"><img loading=\"lazy\" decoding=\"async\" width=\"1024\" height=\"768\" src=\"http:\/\/laloutiere.fr\/wp-content\/uploads\/2024\/05\/20240417_161155-1024x768.jpg\" alt=\"\" class=\"wp-image-214\" srcset=\"https:\/\/laloutiere.fr\/wp-content\/uploads\/2024\/05\/20240417_161155-1024x768.jpg 1024w, https:\/\/laloutiere.fr\/wp-content\/uploads\/2024\/05\/20240417_161155-300x225.jpg 300w, https:\/\/laloutiere.fr\/wp-content\/uploads\/2024\/05\/20240417_161155-768x576.jpg 768w, https:\/\/laloutiere.fr\/wp-content\/uploads\/2024\/05\/20240417_161155-1536x1152.jpg 1536w, https:\/\/laloutiere.fr\/wp-content\/uploads\/2024\/05\/20240417_161155-2048x1536.jpg 2048w, https:\/\/laloutiere.fr\/wp-content\/uploads\/2024\/05\/20240417_161155-80x60.jpg 80w, https:\/\/laloutiere.fr\/wp-content\/uploads\/2024\/05\/20240417_161155-640x480.jpg 640w, https:\/\/laloutiere.fr\/wp-content\/uploads\/2024\/05\/20240417_161155-110x83.jpg 110w\" sizes=\"auto, (max-width: 1024px) 100vw, 1024px\" \/><figcaption class=\"wp-element-caption\">G\u00eete de groupe &#8211; chambre 3 lits<\/figcaption><\/figure>\n<\/div>\n\n\n\n<div class=\"wp-block-column is-layout-flow wp-block-column-is-layout-flow\">\n<figure class=\"wp-block-image size-large\"><img loading=\"lazy\" decoding=\"async\" width=\"1024\" height=\"768\" src=\"http:\/\/laloutiere.fr\/wp-content\/uploads\/2024\/05\/20240417_161124-1024x768.jpg\" alt=\"\" class=\"wp-image-213\" srcset=\"https:\/\/laloutiere.fr\/wp-content\/uploads\/2024\/05\/20240417_161124-1024x768.jpg 1024w, https:\/\/laloutiere.fr\/wp-content\/uploads\/2024\/05\/20240417_161124-300x225.jpg 300w, https:\/\/laloutiere.fr\/wp-content\/uploads\/2024\/05\/20240417_161124-768x576.jpg 768w, https:\/\/laloutiere.fr\/wp-content\/uploads\/2024\/05\/20240417_161124-1536x1152.jpg 1536w, https:\/\/laloutiere.fr\/wp-content\/uploads\/2024\/05\/20240417_161124-2048x1536.jpg 2048w, https:\/\/laloutiere.fr\/wp-content\/uploads\/2024\/05\/20240417_161124-80x60.jpg 80w, https:\/\/laloutiere.fr\/wp-content\/uploads\/2024\/05\/20240417_161124-640x480.jpg 640w, https:\/\/laloutiere.fr\/wp-content\/uploads\/2024\/05\/20240417_161124-110x83.jpg 110w\" sizes=\"auto, (max-width: 1024px) 100vw, 1024px\" \/><figcaption class=\"wp-element-caption\">G\u00eete de groupe &#8211; chambre 3 lits<\/figcaption><\/figure>\n<\/div>\n<\/div>\n\n\n\n<div class=\"wp-block-columns is-layout-flex wp-container-core-columns-is-layout-9d6595d7 wp-block-columns-is-layout-flex\">\n<div class=\"wp-block-column is-layout-flow wp-block-column-is-layout-flow\">\n<figure class=\"wp-block-image size-large\"><img loading=\"lazy\" decoding=\"async\" width=\"1024\" height=\"627\" src=\"http:\/\/laloutiere.fr\/wp-content\/uploads\/2024\/05\/20240417_161903-1024x627.jpg\" alt=\"\" class=\"wp-image-215\" srcset=\"https:\/\/laloutiere.fr\/wp-content\/uploads\/2024\/05\/20240417_161903-1024x627.jpg 1024w, https:\/\/laloutiere.fr\/wp-content\/uploads\/2024\/05\/20240417_161903-300x184.jpg 300w, https:\/\/laloutiere.fr\/wp-content\/uploads\/2024\/05\/20240417_161903-768x470.jpg 768w, https:\/\/laloutiere.fr\/wp-content\/uploads\/2024\/05\/20240417_161903-1536x941.jpg 1536w, https:\/\/laloutiere.fr\/wp-content\/uploads\/2024\/05\/20240417_161903-2048x1254.jpg 2048w, https:\/\/laloutiere.fr\/wp-content\/uploads\/2024\/05\/20240417_161903-98x60.jpg 98w\" sizes=\"auto, (max-width: 1024px) 100vw, 1024px\" \/><figcaption class=\"wp-element-caption\">G\u00eete de groupe &#8211; chambre 3-4 lits<\/figcaption><\/figure>\n<\/div>\n\n\n\n<div class=\"wp-block-column is-layout-flow wp-block-column-is-layout-flow\"><div class=\"wp-block-image\">\n<figure class=\"aligncenter size-large\"><img loading=\"lazy\" decoding=\"async\" width=\"1024\" height=\"457\" src=\"http:\/\/laloutiere.fr\/wp-content\/uploads\/2024\/05\/20240417_162511-1024x457.jpg\" alt=\"\" class=\"wp-image-216\" srcset=\"https:\/\/laloutiere.fr\/wp-content\/uploads\/2024\/05\/20240417_162511-1024x457.jpg 1024w, https:\/\/laloutiere.fr\/wp-content\/uploads\/2024\/05\/20240417_162511-300x134.jpg 300w, https:\/\/laloutiere.fr\/wp-content\/uploads\/2024\/05\/20240417_162511-768x342.jpg 768w, https:\/\/laloutiere.fr\/wp-content\/uploads\/2024\/05\/20240417_162511-1536x685.jpg 1536w, https:\/\/laloutiere.fr\/wp-content\/uploads\/2024\/05\/20240417_162511-2048x913.jpg 2048w, https:\/\/laloutiere.fr\/wp-content\/uploads\/2024\/05\/20240417_162511-135x60.jpg 135w\" sizes=\"auto, (max-width: 1024px) 100vw, 1024px\" \/><figcaption class=\"wp-element-caption\">G\u00eete de groupe &#8211; chambre 3-4 lits<\/figcaption><\/figure>\n<\/div><\/div>\n<\/div>\n","protected":false},"excerpt":{"rendered":"<p>Le g\u00eete la Louti\u00e8re dispose d\u2019un espace pr\u00e9vu pour 18 personnes, situ\u00e9 au 2\u00e8me \u00e9tage de l\u2019\u00e9cole des gar\u00e7ons. L\u2019espace est compos\u00e9 d\u2019une chambre de 7 lits (6 superpos\u00e9s et &hellip; <\/p>\n","protected":false},"author":1,"featured_media":0,"parent":0,"menu_order":0,"comment_status":"closed","ping_status":"closed","template":"","meta":{"footnotes":""},"class_list":["post-39","page","type-page","status-publish","hentry"],"yoast_head":"<!-- This site is optimized with the Yoast SEO plugin v25.7 - https:\/\/yoast.com\/wordpress\/plugins\/seo\/ -->\n<title>G\u00eete de groupe 18 personnes - G\u00eete la Louti\u00e8re<\/title>\n<meta name=\"robots\" content=\"index, follow, max-snippet:-1, max-image-preview:large, max-video-preview:-1\" \/>\n<link rel=\"canonical\" href=\"https:\/\/laloutiere.fr\/index.php\/gite-de-groupe-18-personnes\/\" \/>\n<meta property=\"og:locale\" content=\"en_US\" \/>\n<meta property=\"og:type\" content=\"article\" \/>\n<meta property=\"og:title\" content=\"G\u00eete de groupe 18 personnes - G\u00eete la Louti\u00e8re\" \/>\n<meta property=\"og:description\" content=\"Le g\u00eete la Louti\u00e8re dispose d\u2019un espace pr\u00e9vu pour 18 personnes, situ\u00e9 au 2\u00e8me \u00e9tage de l\u2019\u00e9cole des gar\u00e7ons. L\u2019espace est compos\u00e9 d\u2019une chambre de 7 lits (6 superpos\u00e9s et &hellip;\" \/>\n<meta property=\"og:url\" content=\"https:\/\/laloutiere.fr\/index.php\/gite-de-groupe-18-personnes\/\" \/>\n<meta property=\"og:site_name\" content=\"G\u00eete la Louti\u00e8re\" \/>\n<meta property=\"article:modified_time\" content=\"2025-01-22T22:13:24+00:00\" \/>\n<meta property=\"og:image\" content=\"https:\/\/laloutiere.fr\/wp-content\/uploads\/2024\/03\/plan-2023-gite-162.png\" \/>\n<meta name=\"twitter:card\" content=\"summary_large_image\" \/>\n<meta name=\"twitter:label1\" content=\"Est. reading time\" \/>\n\t<meta name=\"twitter:data1\" content=\"3 minutes\" \/>\n<script type=\"application\/ld+json\" class=\"yoast-schema-graph\">{\"@context\":\"https:\/\/schema.org\",\"@graph\":[{\"@type\":\"WebPage\",\"@id\":\"https:\/\/laloutiere.fr\/index.php\/gite-de-groupe-18-personnes\/\",\"url\":\"https:\/\/laloutiere.fr\/index.php\/gite-de-groupe-18-personnes\/\",\"name\":\"G\u00eete de groupe 18 personnes - G\u00eete la Louti\u00e8re\",\"isPartOf\":{\"@id\":\"https:\/\/laloutiere.fr\/#website\"},\"primaryImageOfPage\":{\"@id\":\"https:\/\/laloutiere.fr\/index.php\/gite-de-groupe-18-personnes\/#primaryimage\"},\"image\":{\"@id\":\"https:\/\/laloutiere.fr\/index.php\/gite-de-groupe-18-personnes\/#primaryimage\"},\"thumbnailUrl\":\"https:\/\/laloutiere.fr\/wp-content\/uploads\/2024\/03\/plan-2023-gite-162.png\",\"datePublished\":\"2024-03-28T16:40:46+00:00\",\"dateModified\":\"2025-01-22T22:13:24+00:00\",\"breadcrumb\":{\"@id\":\"https:\/\/laloutiere.fr\/index.php\/gite-de-groupe-18-personnes\/#breadcrumb\"},\"inLanguage\":\"en-US\",\"potentialAction\":[{\"@type\":\"ReadAction\",\"target\":[\"https:\/\/laloutiere.fr\/index.php\/gite-de-groupe-18-personnes\/\"]}]},{\"@type\":\"ImageObject\",\"inLanguage\":\"en-US\",\"@id\":\"https:\/\/laloutiere.fr\/index.php\/gite-de-groupe-18-personnes\/#primaryimage\",\"url\":\"https:\/\/laloutiere.fr\/wp-content\/uploads\/2024\/03\/plan-2023-gite-162.png\",\"contentUrl\":\"https:\/\/laloutiere.fr\/wp-content\/uploads\/2024\/03\/plan-2023-gite-162.png\",\"width\":614,\"height\":501},{\"@type\":\"BreadcrumbList\",\"@id\":\"https:\/\/laloutiere.fr\/index.php\/gite-de-groupe-18-personnes\/#breadcrumb\",\"itemListElement\":[{\"@type\":\"ListItem\",\"position\":1,\"name\":\"Accueil\",\"item\":\"https:\/\/laloutiere.fr\/\"},{\"@type\":\"ListItem\",\"position\":2,\"name\":\"G\u00eete de groupe 18 personnes\"}]},{\"@type\":\"WebSite\",\"@id\":\"https:\/\/laloutiere.fr\/#website\",\"url\":\"https:\/\/laloutiere.fr\/\",\"name\":\"G\u00eete la Louti\u00e8re\",\"description\":\"\",\"publisher\":{\"@id\":\"https:\/\/laloutiere.fr\/#organization\"},\"potentialAction\":[{\"@type\":\"SearchAction\",\"target\":{\"@type\":\"EntryPoint\",\"urlTemplate\":\"https:\/\/laloutiere.fr\/?s={search_term_string}\"},\"query-input\":{\"@type\":\"PropertyValueSpecification\",\"valueRequired\":true,\"valueName\":\"search_term_string\"}}],\"inLanguage\":\"en-US\"},{\"@type\":\"Organization\",\"@id\":\"https:\/\/laloutiere.fr\/#organization\",\"name\":\"G\u00eete la Louti\u00e8re\",\"url\":\"https:\/\/laloutiere.fr\/\",\"logo\":{\"@type\":\"ImageObject\",\"inLanguage\":\"en-US\",\"@id\":\"https:\/\/laloutiere.fr\/#\/schema\/logo\/image\/\",\"url\":\"http:\/\/laloutiere.fr\/wp-content\/uploads\/2024\/03\/cropped-1-9-logo-1.jpeg\",\"contentUrl\":\"http:\/\/laloutiere.fr\/wp-content\/uploads\/2024\/03\/cropped-1-9-logo-1.jpeg\",\"width\":709,\"height\":709,\"caption\":\"G\u00eete la Louti\u00e8re\"},\"image\":{\"@id\":\"https:\/\/laloutiere.fr\/#\/schema\/logo\/image\/\"}}]}<\/script>\n<!-- \/ Yoast SEO plugin. -->","yoast_head_json":{"title":"G\u00eete de groupe 18 personnes - G\u00eete la Louti\u00e8re","robots":{"index":"index","follow":"follow","max-snippet":"max-snippet:-1","max-image-preview":"max-image-preview:large","max-video-preview":"max-video-preview:-1"},"canonical":"https:\/\/laloutiere.fr\/index.php\/gite-de-groupe-18-personnes\/","og_locale":"en_US","og_type":"article","og_title":"G\u00eete de groupe 18 personnes - G\u00eete la Louti\u00e8re","og_description":"Le g\u00eete la Louti\u00e8re dispose d\u2019un espace pr\u00e9vu pour 18 personnes, situ\u00e9 au 2\u00e8me \u00e9tage de l\u2019\u00e9cole des gar\u00e7ons. L\u2019espace est compos\u00e9 d\u2019une chambre de 7 lits (6 superpos\u00e9s et &hellip;","og_url":"https:\/\/laloutiere.fr\/index.php\/gite-de-groupe-18-personnes\/","og_site_name":"G\u00eete la Louti\u00e8re","article_modified_time":"2025-01-22T22:13:24+00:00","og_image":[{"url":"https:\/\/laloutiere.fr\/wp-content\/uploads\/2024\/03\/plan-2023-gite-162.png","type":"","width":"","height":""}],"twitter_card":"summary_large_image","twitter_misc":{"Est. reading time":"3 minutes"},"schema":{"@context":"https:\/\/schema.org","@graph":[{"@type":"WebPage","@id":"https:\/\/laloutiere.fr\/index.php\/gite-de-groupe-18-personnes\/","url":"https:\/\/laloutiere.fr\/index.php\/gite-de-groupe-18-personnes\/","name":"G\u00eete de groupe 18 personnes - G\u00eete la Louti\u00e8re","isPartOf":{"@id":"https:\/\/laloutiere.fr\/#website"},"primaryImageOfPage":{"@id":"https:\/\/laloutiere.fr\/index.php\/gite-de-groupe-18-personnes\/#primaryimage"},"image":{"@id":"https:\/\/laloutiere.fr\/index.php\/gite-de-groupe-18-personnes\/#primaryimage"},"thumbnailUrl":"https:\/\/laloutiere.fr\/wp-content\/uploads\/2024\/03\/plan-2023-gite-162.png","datePublished":"2024-03-28T16:40:46+00:00","dateModified":"2025-01-22T22:13:24+00:00","breadcrumb":{"@id":"https:\/\/laloutiere.fr\/index.php\/gite-de-groupe-18-personnes\/#breadcrumb"},"inLanguage":"en-US","potentialAction":[{"@type":"ReadAction","target":["https:\/\/laloutiere.fr\/index.php\/gite-de-groupe-18-personnes\/"]}]},{"@type":"ImageObject","inLanguage":"en-US","@id":"https:\/\/laloutiere.fr\/index.php\/gite-de-groupe-18-personnes\/#primaryimage","url":"https:\/\/laloutiere.fr\/wp-content\/uploads\/2024\/03\/plan-2023-gite-162.png","contentUrl":"https:\/\/laloutiere.fr\/wp-content\/uploads\/2024\/03\/plan-2023-gite-162.png","width":614,"height":501},{"@type":"BreadcrumbList","@id":"https:\/\/laloutiere.fr\/index.php\/gite-de-groupe-18-personnes\/#breadcrumb","itemListElement":[{"@type":"ListItem","position":1,"name":"Accueil","item":"https:\/\/laloutiere.fr\/"},{"@type":"ListItem","position":2,"name":"G\u00eete de groupe 18 personnes"}]},{"@type":"WebSite","@id":"https:\/\/laloutiere.fr\/#website","url":"https:\/\/laloutiere.fr\/","name":"G\u00eete la Louti\u00e8re","description":"","publisher":{"@id":"https:\/\/laloutiere.fr\/#organization"},"potentialAction":[{"@type":"SearchAction","target":{"@type":"EntryPoint","urlTemplate":"https:\/\/laloutiere.fr\/?s={search_term_string}"},"query-input":{"@type":"PropertyValueSpecification","valueRequired":true,"valueName":"search_term_string"}}],"inLanguage":"en-US"},{"@type":"Organization","@id":"https:\/\/laloutiere.fr\/#organization","name":"G\u00eete la Louti\u00e8re","url":"https:\/\/laloutiere.fr\/","logo":{"@type":"ImageObject","inLanguage":"en-US","@id":"https:\/\/laloutiere.fr\/#\/schema\/logo\/image\/","url":"http:\/\/laloutiere.fr\/wp-content\/uploads\/2024\/03\/cropped-1-9-logo-1.jpeg","contentUrl":"http:\/\/laloutiere.fr\/wp-content\/uploads\/2024\/03\/cropped-1-9-logo-1.jpeg","width":709,"height":709,"caption":"G\u00eete la Louti\u00e8re"},"image":{"@id":"https:\/\/laloutiere.fr\/#\/schema\/logo\/image\/"}}]}},"_links":{"self":[{"href":"https:\/\/laloutiere.fr\/index.php\/wp-json\/wp\/v2\/pages\/39","targetHints":{"allow":["GET"]}}],"collection":[{"href":"https:\/\/laloutiere.fr\/index.php\/wp-json\/wp\/v2\/pages"}],"about":[{"href":"https:\/\/laloutiere.fr\/index.php\/wp-json\/wp\/v2\/types\/page"}],"author":[{"embeddable":true,"href":"https:\/\/laloutiere.fr\/index.php\/wp-json\/wp\/v2\/users\/1"}],"replies":[{"embeddable":true,"href":"https:\/\/laloutiere.fr\/index.php\/wp-json\/wp\/v2\/comments?post=39"}],"version-history":[{"count":8,"href":"https:\/\/laloutiere.fr\/index.php\/wp-json\/wp\/v2\/pages\/39\/revisions"}],"predecessor-version":[{"id":223,"href":"https:\/\/laloutiere.fr\/index.php\/wp-json\/wp\/v2\/pages\/39\/revisions\/223"}],"wp:attachment":[{"href":"https:\/\/laloutiere.fr\/index.php\/wp-json\/wp\/v2\/media?parent=39"}],"curies":[{"name":"wp","href":"https:\/\/api.w.org\/{rel}","templated":true}]}}