{"id":38,"date":"2024-03-28T17:40:46","date_gmt":"2024-03-28T16:40:46","guid":{"rendered":"https:\/\/laloutiere.fr\/?page_id=38"},"modified":"2025-01-22T22:18:36","modified_gmt":"2025-01-22T21:18:36","slug":"gite-familial-5-6-personnes","status":"publish","type":"page","link":"https:\/\/laloutiere.fr\/index.php\/gite-familial-5-6-personnes\/","title":{"rendered":"G\u00eete familial 4-5 personnes"},"content":{"rendered":"\n<div class=\"wp-block-media-text has-media-on-the-right is-stacked-on-mobile\" style=\"grid-template-columns:auto 42%\"><div class=\"wp-block-media-text__content\">\n<p>Le g\u00eete familial pour 4-5 personnes est situ\u00e9 au 2\u00e8me \u00e9tage de l&#8217;\u00e9cole des filles.<\/p>\n\n\n\n<p>L&#8217;espace dispose d&#8217;une chambre double et une chambre contenant un lit superpos\u00e9, un lit simple et un lit gigogne. Deux salles d&#8217;eau sont \u00e0 votre disposition, ainsi qu&#8217;une cuisine et son salon attenant.<\/p>\n<\/div><figure class=\"wp-block-media-text__media\"><img loading=\"lazy\" decoding=\"async\" width=\"624\" height=\"501\" src=\"https:\/\/laloutiere.fr\/wp-content\/uploads\/2024\/03\/plan-2022-2-gite-7-personnes.png\" alt=\"\" class=\"wp-image-113 size-full\" srcset=\"https:\/\/laloutiere.fr\/wp-content\/uploads\/2024\/03\/plan-2022-2-gite-7-personnes.png 624w, https:\/\/laloutiere.fr\/wp-content\/uploads\/2024\/03\/plan-2022-2-gite-7-personnes-300x241.png 300w, https:\/\/laloutiere.fr\/wp-content\/uploads\/2024\/03\/plan-2022-2-gite-7-personnes-75x60.png 75w\" sizes=\"auto, (max-width: 624px) 100vw, 624px\" \/><\/figure><\/div>\n\n\n\n<div class=\"wp-block-columns is-layout-flex wp-container-core-columns-is-layout-9d6595d7 wp-block-columns-is-layout-flex\">\n<div class=\"wp-block-column is-layout-flow wp-block-column-is-layout-flow\">\n<figure class=\"wp-block-image size-large\"><img loading=\"lazy\" decoding=\"async\" width=\"1024\" height=\"768\" src=\"http:\/\/laloutiere.fr\/wp-content\/uploads\/2024\/05\/IMG_8024-1024x768.jpg\" alt=\"\" class=\"wp-image-193\" srcset=\"https:\/\/laloutiere.fr\/wp-content\/uploads\/2024\/05\/IMG_8024-1024x768.jpg 1024w, https:\/\/laloutiere.fr\/wp-content\/uploads\/2024\/05\/IMG_8024-300x225.jpg 300w, https:\/\/laloutiere.fr\/wp-content\/uploads\/2024\/05\/IMG_8024-768x576.jpg 768w, https:\/\/laloutiere.fr\/wp-content\/uploads\/2024\/05\/IMG_8024-1536x1152.jpg 1536w, https:\/\/laloutiere.fr\/wp-content\/uploads\/2024\/05\/IMG_8024-2048x1536.jpg 2048w, https:\/\/laloutiere.fr\/wp-content\/uploads\/2024\/05\/IMG_8024-80x60.jpg 80w, https:\/\/laloutiere.fr\/wp-content\/uploads\/2024\/05\/IMG_8024-640x480.jpg 640w, https:\/\/laloutiere.fr\/wp-content\/uploads\/2024\/05\/IMG_8024-110x83.jpg 110w\" sizes=\"auto, (max-width: 1024px) 100vw, 1024px\" \/><figcaption class=\"wp-element-caption\">G\u00eete familial 4-5 personnes &#8211; Chambre lits simples<\/figcaption><\/figure>\n<\/div>\n\n\n\n<div class=\"wp-block-column is-layout-flow wp-block-column-is-layout-flow\">\n<figure class=\"wp-block-image size-large\"><img loading=\"lazy\" decoding=\"async\" width=\"1024\" height=\"768\" src=\"http:\/\/laloutiere.fr\/wp-content\/uploads\/2024\/05\/IMG_8029-1024x768.jpg\" alt=\"\" class=\"wp-image-194\" srcset=\"https:\/\/laloutiere.fr\/wp-content\/uploads\/2024\/05\/IMG_8029-1024x768.jpg 1024w, https:\/\/laloutiere.fr\/wp-content\/uploads\/2024\/05\/IMG_8029-300x225.jpg 300w, https:\/\/laloutiere.fr\/wp-content\/uploads\/2024\/05\/IMG_8029-768x576.jpg 768w, https:\/\/laloutiere.fr\/wp-content\/uploads\/2024\/05\/IMG_8029-1536x1152.jpg 1536w, https:\/\/laloutiere.fr\/wp-content\/uploads\/2024\/05\/IMG_8029-2048x1536.jpg 2048w, https:\/\/laloutiere.fr\/wp-content\/uploads\/2024\/05\/IMG_8029-80x60.jpg 80w, https:\/\/laloutiere.fr\/wp-content\/uploads\/2024\/05\/IMG_8029-640x480.jpg 640w, https:\/\/laloutiere.fr\/wp-content\/uploads\/2024\/05\/IMG_8029-110x83.jpg 110w\" sizes=\"auto, (max-width: 1024px) 100vw, 1024px\" \/><figcaption class=\"wp-element-caption\"> <\/figcaption><\/figure>\n<\/div>\n<\/div>\n\n\n\n<div class=\"wp-block-columns is-layout-flex wp-container-core-columns-is-layout-9d6595d7 wp-block-columns-is-layout-flex\">\n<div class=\"wp-block-column is-layout-flow wp-block-column-is-layout-flow\"><div class=\"wp-block-image\">\n<figure class=\"aligncenter size-large\"><img loading=\"lazy\" decoding=\"async\" width=\"1024\" height=\"768\" src=\"http:\/\/laloutiere.fr\/wp-content\/uploads\/2024\/05\/IMG_8033-1024x768.jpg\" alt=\"\" class=\"wp-image-201\" srcset=\"https:\/\/laloutiere.fr\/wp-content\/uploads\/2024\/05\/IMG_8033-1024x768.jpg 1024w, https:\/\/laloutiere.fr\/wp-content\/uploads\/2024\/05\/IMG_8033-300x225.jpg 300w, https:\/\/laloutiere.fr\/wp-content\/uploads\/2024\/05\/IMG_8033-768x576.jpg 768w, https:\/\/laloutiere.fr\/wp-content\/uploads\/2024\/05\/IMG_8033-1536x1152.jpg 1536w, https:\/\/laloutiere.fr\/wp-content\/uploads\/2024\/05\/IMG_8033-2048x1536.jpg 2048w, https:\/\/laloutiere.fr\/wp-content\/uploads\/2024\/05\/IMG_8033-80x60.jpg 80w, https:\/\/laloutiere.fr\/wp-content\/uploads\/2024\/05\/IMG_8033-640x480.jpg 640w, https:\/\/laloutiere.fr\/wp-content\/uploads\/2024\/05\/IMG_8033-110x83.jpg 110w\" sizes=\"auto, (max-width: 1024px) 100vw, 1024px\" \/><figcaption class=\"wp-element-caption\">G\u00eete familial 4-5 personnes &#8211; Chambre lit double<\/figcaption><\/figure>\n<\/div><\/div>\n\n\n\n<div class=\"wp-block-column is-layout-flow wp-block-column-is-layout-flow\"><div class=\"wp-block-image\">\n<figure class=\"aligncenter size-large\"><img loading=\"lazy\" decoding=\"async\" width=\"768\" height=\"1024\" src=\"http:\/\/laloutiere.fr\/wp-content\/uploads\/2024\/05\/IMG_8037-768x1024.jpg\" alt=\"\" class=\"wp-image-202\" srcset=\"https:\/\/laloutiere.fr\/wp-content\/uploads\/2024\/05\/IMG_8037-768x1024.jpg 768w, https:\/\/laloutiere.fr\/wp-content\/uploads\/2024\/05\/IMG_8037-225x300.jpg 225w, https:\/\/laloutiere.fr\/wp-content\/uploads\/2024\/05\/IMG_8037-1152x1536.jpg 1152w, https:\/\/laloutiere.fr\/wp-content\/uploads\/2024\/05\/IMG_8037-1536x2048.jpg 1536w, https:\/\/laloutiere.fr\/wp-content\/uploads\/2024\/05\/IMG_8037-45x60.jpg 45w, https:\/\/laloutiere.fr\/wp-content\/uploads\/2024\/05\/IMG_8037-scaled.jpg 1920w\" sizes=\"auto, (max-width: 768px) 100vw, 768px\" \/><figcaption class=\"wp-element-caption\"> <\/figcaption><\/figure>\n<\/div><\/div>\n<\/div>\n\n\n\n<div class=\"wp-block-columns is-layout-flex wp-container-core-columns-is-layout-9d6595d7 wp-block-columns-is-layout-flex\">\n<div class=\"wp-block-column is-layout-flow wp-block-column-is-layout-flow\">\n<figure class=\"wp-block-image size-large\"><img loading=\"lazy\" decoding=\"async\" width=\"1024\" height=\"768\" src=\"http:\/\/laloutiere.fr\/wp-content\/uploads\/2024\/05\/IMG_8074-1024x768.jpg\" alt=\"\" class=\"wp-image-199\" srcset=\"https:\/\/laloutiere.fr\/wp-content\/uploads\/2024\/05\/IMG_8074-1024x768.jpg 1024w, https:\/\/laloutiere.fr\/wp-content\/uploads\/2024\/05\/IMG_8074-300x225.jpg 300w, https:\/\/laloutiere.fr\/wp-content\/uploads\/2024\/05\/IMG_8074-768x576.jpg 768w, https:\/\/laloutiere.fr\/wp-content\/uploads\/2024\/05\/IMG_8074-1536x1152.jpg 1536w, https:\/\/laloutiere.fr\/wp-content\/uploads\/2024\/05\/IMG_8074-2048x1536.jpg 2048w, https:\/\/laloutiere.fr\/wp-content\/uploads\/2024\/05\/IMG_8074-80x60.jpg 80w, https:\/\/laloutiere.fr\/wp-content\/uploads\/2024\/05\/IMG_8074-640x480.jpg 640w, https:\/\/laloutiere.fr\/wp-content\/uploads\/2024\/05\/IMG_8074-110x83.jpg 110w\" sizes=\"auto, (max-width: 1024px) 100vw, 1024px\" \/><figcaption class=\"wp-element-caption\">G\u00eete familial 4-5 personnes &#8211; Salon<\/figcaption><\/figure>\n<\/div>\n\n\n\n<div class=\"wp-block-column is-layout-flow wp-block-column-is-layout-flow\">\n<figure class=\"wp-block-image size-large\"><img loading=\"lazy\" decoding=\"async\" width=\"1024\" height=\"768\" src=\"http:\/\/laloutiere.fr\/wp-content\/uploads\/2024\/05\/IMG_8075-1024x768.jpg\" alt=\"\" class=\"wp-image-200\" srcset=\"https:\/\/laloutiere.fr\/wp-content\/uploads\/2024\/05\/IMG_8075-1024x768.jpg 1024w, https:\/\/laloutiere.fr\/wp-content\/uploads\/2024\/05\/IMG_8075-300x225.jpg 300w, https:\/\/laloutiere.fr\/wp-content\/uploads\/2024\/05\/IMG_8075-768x576.jpg 768w, https:\/\/laloutiere.fr\/wp-content\/uploads\/2024\/05\/IMG_8075-1536x1152.jpg 1536w, https:\/\/laloutiere.fr\/wp-content\/uploads\/2024\/05\/IMG_8075-2048x1536.jpg 2048w, https:\/\/laloutiere.fr\/wp-content\/uploads\/2024\/05\/IMG_8075-80x60.jpg 80w, https:\/\/laloutiere.fr\/wp-content\/uploads\/2024\/05\/IMG_8075-640x480.jpg 640w, https:\/\/laloutiere.fr\/wp-content\/uploads\/2024\/05\/IMG_8075-110x83.jpg 110w\" sizes=\"auto, (max-width: 1024px) 100vw, 1024px\" \/><figcaption class=\"wp-element-caption\"> <\/figcaption><\/figure>\n<\/div>\n<\/div>\n\n\n\n<div class=\"wp-block-columns is-layout-flex wp-container-core-columns-is-layout-9d6595d7 wp-block-columns-is-layout-flex\">\n<div class=\"wp-block-column is-layout-flow wp-block-column-is-layout-flow\">\n<figure class=\"wp-block-image size-large\"><img loading=\"lazy\" decoding=\"async\" width=\"1024\" height=\"768\" src=\"http:\/\/laloutiere.fr\/wp-content\/uploads\/2024\/05\/IMG_8065-1024x768.jpg\" alt=\"\" class=\"wp-image-198\" srcset=\"https:\/\/laloutiere.fr\/wp-content\/uploads\/2024\/05\/IMG_8065-1024x768.jpg 1024w, https:\/\/laloutiere.fr\/wp-content\/uploads\/2024\/05\/IMG_8065-300x225.jpg 300w, https:\/\/laloutiere.fr\/wp-content\/uploads\/2024\/05\/IMG_8065-768x576.jpg 768w, https:\/\/laloutiere.fr\/wp-content\/uploads\/2024\/05\/IMG_8065-1536x1152.jpg 1536w, https:\/\/laloutiere.fr\/wp-content\/uploads\/2024\/05\/IMG_8065-2048x1536.jpg 2048w, https:\/\/laloutiere.fr\/wp-content\/uploads\/2024\/05\/IMG_8065-80x60.jpg 80w, https:\/\/laloutiere.fr\/wp-content\/uploads\/2024\/05\/IMG_8065-640x480.jpg 640w, https:\/\/laloutiere.fr\/wp-content\/uploads\/2024\/05\/IMG_8065-110x83.jpg 110w\" sizes=\"auto, (max-width: 1024px) 100vw, 1024px\" \/><figcaption class=\"wp-element-caption\">G\u00eete familial 4-5 personnes &#8211; Cuisine<\/figcaption><\/figure>\n<\/div>\n\n\n\n<div class=\"wp-block-column is-layout-flow wp-block-column-is-layout-flow\">\n<figure class=\"wp-block-image size-large\"><img loading=\"lazy\" decoding=\"async\" width=\"1024\" height=\"768\" src=\"http:\/\/laloutiere.fr\/wp-content\/uploads\/2024\/05\/IMG_8044-1-1024x768.jpg\" alt=\"\" class=\"wp-image-208\" srcset=\"https:\/\/laloutiere.fr\/wp-content\/uploads\/2024\/05\/IMG_8044-1-1024x768.jpg 1024w, https:\/\/laloutiere.fr\/wp-content\/uploads\/2024\/05\/IMG_8044-1-300x225.jpg 300w, https:\/\/laloutiere.fr\/wp-content\/uploads\/2024\/05\/IMG_8044-1-768x576.jpg 768w, https:\/\/laloutiere.fr\/wp-content\/uploads\/2024\/05\/IMG_8044-1-1536x1152.jpg 1536w, https:\/\/laloutiere.fr\/wp-content\/uploads\/2024\/05\/IMG_8044-1-2048x1536.jpg 2048w, https:\/\/laloutiere.fr\/wp-content\/uploads\/2024\/05\/IMG_8044-1-80x60.jpg 80w, https:\/\/laloutiere.fr\/wp-content\/uploads\/2024\/05\/IMG_8044-1-640x480.jpg 640w, https:\/\/laloutiere.fr\/wp-content\/uploads\/2024\/05\/IMG_8044-1-110x83.jpg 110w\" sizes=\"auto, (max-width: 1024px) 100vw, 1024px\" \/><figcaption class=\"wp-element-caption\">G\u00eete familial 4-5 personnes &#8211; Salle de douche<\/figcaption><\/figure>\n<\/div>\n<\/div>\n","protected":false},"excerpt":{"rendered":"<p>Le g\u00eete familial pour 4-5 personnes est situ\u00e9 au 2\u00e8me \u00e9tage de l&#8217;\u00e9cole des filles. L&#8217;espace dispose d&#8217;une chambre double et une chambre contenant un lit superpos\u00e9, un lit simple &hellip; <\/p>\n","protected":false},"author":1,"featured_media":0,"parent":0,"menu_order":0,"comment_status":"closed","ping_status":"closed","template":"","meta":{"footnotes":""},"class_list":["post-38","page","type-page","status-publish","hentry"],"yoast_head":"<!-- This site is optimized with the Yoast SEO plugin v25.7 - https:\/\/yoast.com\/wordpress\/plugins\/seo\/ -->\n<title>G\u00eete familial 4-5 personnes - G\u00eete la Louti\u00e8re<\/title>\n<meta name=\"robots\" content=\"index, follow, max-snippet:-1, max-image-preview:large, max-video-preview:-1\" \/>\n<link rel=\"canonical\" href=\"https:\/\/laloutiere.fr\/index.php\/gite-familial-5-6-personnes\/\" \/>\n<meta property=\"og:locale\" content=\"en_US\" \/>\n<meta property=\"og:type\" content=\"article\" \/>\n<meta property=\"og:title\" content=\"G\u00eete familial 4-5 personnes - G\u00eete la Louti\u00e8re\" \/>\n<meta property=\"og:description\" content=\"Le g\u00eete familial pour 4-5 personnes est situ\u00e9 au 2\u00e8me \u00e9tage de l&#8217;\u00e9cole des filles. L&#8217;espace dispose d&#8217;une chambre double et une chambre contenant un lit superpos\u00e9, un lit simple &hellip;\" \/>\n<meta property=\"og:url\" content=\"https:\/\/laloutiere.fr\/index.php\/gite-familial-5-6-personnes\/\" \/>\n<meta property=\"og:site_name\" content=\"G\u00eete la Louti\u00e8re\" \/>\n<meta property=\"article:modified_time\" content=\"2025-01-22T21:18:36+00:00\" \/>\n<meta property=\"og:image\" content=\"https:\/\/laloutiere.fr\/wp-content\/uploads\/2024\/03\/plan-2022-2-gite-7-personnes.png\" \/>\n<meta name=\"twitter:card\" content=\"summary_large_image\" \/>\n<meta name=\"twitter:label1\" content=\"Est. reading time\" \/>\n\t<meta name=\"twitter:data1\" content=\"3 minutes\" \/>\n<script type=\"application\/ld+json\" class=\"yoast-schema-graph\">{\"@context\":\"https:\/\/schema.org\",\"@graph\":[{\"@type\":\"WebPage\",\"@id\":\"https:\/\/laloutiere.fr\/index.php\/gite-familial-5-6-personnes\/\",\"url\":\"https:\/\/laloutiere.fr\/index.php\/gite-familial-5-6-personnes\/\",\"name\":\"G\u00eete familial 4-5 personnes - G\u00eete la Louti\u00e8re\",\"isPartOf\":{\"@id\":\"https:\/\/laloutiere.fr\/#website\"},\"primaryImageOfPage\":{\"@id\":\"https:\/\/laloutiere.fr\/index.php\/gite-familial-5-6-personnes\/#primaryimage\"},\"image\":{\"@id\":\"https:\/\/laloutiere.fr\/index.php\/gite-familial-5-6-personnes\/#primaryimage\"},\"thumbnailUrl\":\"https:\/\/laloutiere.fr\/wp-content\/uploads\/2024\/03\/plan-2022-2-gite-7-personnes.png\",\"datePublished\":\"2024-03-28T16:40:46+00:00\",\"dateModified\":\"2025-01-22T21:18:36+00:00\",\"breadcrumb\":{\"@id\":\"https:\/\/laloutiere.fr\/index.php\/gite-familial-5-6-personnes\/#breadcrumb\"},\"inLanguage\":\"en-US\",\"potentialAction\":[{\"@type\":\"ReadAction\",\"target\":[\"https:\/\/laloutiere.fr\/index.php\/gite-familial-5-6-personnes\/\"]}]},{\"@type\":\"ImageObject\",\"inLanguage\":\"en-US\",\"@id\":\"https:\/\/laloutiere.fr\/index.php\/gite-familial-5-6-personnes\/#primaryimage\",\"url\":\"https:\/\/laloutiere.fr\/wp-content\/uploads\/2024\/03\/plan-2022-2-gite-7-personnes.png\",\"contentUrl\":\"https:\/\/laloutiere.fr\/wp-content\/uploads\/2024\/03\/plan-2022-2-gite-7-personnes.png\",\"width\":624,\"height\":501},{\"@type\":\"BreadcrumbList\",\"@id\":\"https:\/\/laloutiere.fr\/index.php\/gite-familial-5-6-personnes\/#breadcrumb\",\"itemListElement\":[{\"@type\":\"ListItem\",\"position\":1,\"name\":\"Accueil\",\"item\":\"https:\/\/laloutiere.fr\/\"},{\"@type\":\"ListItem\",\"position\":2,\"name\":\"G\u00eete familial 4-5 personnes\"}]},{\"@type\":\"WebSite\",\"@id\":\"https:\/\/laloutiere.fr\/#website\",\"url\":\"https:\/\/laloutiere.fr\/\",\"name\":\"G\u00eete la Louti\u00e8re\",\"description\":\"\",\"publisher\":{\"@id\":\"https:\/\/laloutiere.fr\/#organization\"},\"potentialAction\":[{\"@type\":\"SearchAction\",\"target\":{\"@type\":\"EntryPoint\",\"urlTemplate\":\"https:\/\/laloutiere.fr\/?s={search_term_string}\"},\"query-input\":{\"@type\":\"PropertyValueSpecification\",\"valueRequired\":true,\"valueName\":\"search_term_string\"}}],\"inLanguage\":\"en-US\"},{\"@type\":\"Organization\",\"@id\":\"https:\/\/laloutiere.fr\/#organization\",\"name\":\"G\u00eete la Louti\u00e8re\",\"url\":\"https:\/\/laloutiere.fr\/\",\"logo\":{\"@type\":\"ImageObject\",\"inLanguage\":\"en-US\",\"@id\":\"https:\/\/laloutiere.fr\/#\/schema\/logo\/image\/\",\"url\":\"http:\/\/laloutiere.fr\/wp-content\/uploads\/2024\/03\/cropped-1-9-logo-1.jpeg\",\"contentUrl\":\"http:\/\/laloutiere.fr\/wp-content\/uploads\/2024\/03\/cropped-1-9-logo-1.jpeg\",\"width\":709,\"height\":709,\"caption\":\"G\u00eete la Louti\u00e8re\"},\"image\":{\"@id\":\"https:\/\/laloutiere.fr\/#\/schema\/logo\/image\/\"}}]}<\/script>\n<!-- \/ Yoast SEO plugin. -->","yoast_head_json":{"title":"G\u00eete familial 4-5 personnes - G\u00eete la Louti\u00e8re","robots":{"index":"index","follow":"follow","max-snippet":"max-snippet:-1","max-image-preview":"max-image-preview:large","max-video-preview":"max-video-preview:-1"},"canonical":"https:\/\/laloutiere.fr\/index.php\/gite-familial-5-6-personnes\/","og_locale":"en_US","og_type":"article","og_title":"G\u00eete familial 4-5 personnes - G\u00eete la Louti\u00e8re","og_description":"Le g\u00eete familial pour 4-5 personnes est situ\u00e9 au 2\u00e8me \u00e9tage de l&#8217;\u00e9cole des filles. L&#8217;espace dispose d&#8217;une chambre double et une chambre contenant un lit superpos\u00e9, un lit simple &hellip;","og_url":"https:\/\/laloutiere.fr\/index.php\/gite-familial-5-6-personnes\/","og_site_name":"G\u00eete la Louti\u00e8re","article_modified_time":"2025-01-22T21:18:36+00:00","og_image":[{"url":"https:\/\/laloutiere.fr\/wp-content\/uploads\/2024\/03\/plan-2022-2-gite-7-personnes.png","type":"","width":"","height":""}],"twitter_card":"summary_large_image","twitter_misc":{"Est. reading time":"3 minutes"},"schema":{"@context":"https:\/\/schema.org","@graph":[{"@type":"WebPage","@id":"https:\/\/laloutiere.fr\/index.php\/gite-familial-5-6-personnes\/","url":"https:\/\/laloutiere.fr\/index.php\/gite-familial-5-6-personnes\/","name":"G\u00eete familial 4-5 personnes - G\u00eete la Louti\u00e8re","isPartOf":{"@id":"https:\/\/laloutiere.fr\/#website"},"primaryImageOfPage":{"@id":"https:\/\/laloutiere.fr\/index.php\/gite-familial-5-6-personnes\/#primaryimage"},"image":{"@id":"https:\/\/laloutiere.fr\/index.php\/gite-familial-5-6-personnes\/#primaryimage"},"thumbnailUrl":"https:\/\/laloutiere.fr\/wp-content\/uploads\/2024\/03\/plan-2022-2-gite-7-personnes.png","datePublished":"2024-03-28T16:40:46+00:00","dateModified":"2025-01-22T21:18:36+00:00","breadcrumb":{"@id":"https:\/\/laloutiere.fr\/index.php\/gite-familial-5-6-personnes\/#breadcrumb"},"inLanguage":"en-US","potentialAction":[{"@type":"ReadAction","target":["https:\/\/laloutiere.fr\/index.php\/gite-familial-5-6-personnes\/"]}]},{"@type":"ImageObject","inLanguage":"en-US","@id":"https:\/\/laloutiere.fr\/index.php\/gite-familial-5-6-personnes\/#primaryimage","url":"https:\/\/laloutiere.fr\/wp-content\/uploads\/2024\/03\/plan-2022-2-gite-7-personnes.png","contentUrl":"https:\/\/laloutiere.fr\/wp-content\/uploads\/2024\/03\/plan-2022-2-gite-7-personnes.png","width":624,"height":501},{"@type":"BreadcrumbList","@id":"https:\/\/laloutiere.fr\/index.php\/gite-familial-5-6-personnes\/#breadcrumb","itemListElement":[{"@type":"ListItem","position":1,"name":"Accueil","item":"https:\/\/laloutiere.fr\/"},{"@type":"ListItem","position":2,"name":"G\u00eete familial 4-5 personnes"}]},{"@type":"WebSite","@id":"https:\/\/laloutiere.fr\/#website","url":"https:\/\/laloutiere.fr\/","name":"G\u00eete la Louti\u00e8re","description":"","publisher":{"@id":"https:\/\/laloutiere.fr\/#organization"},"potentialAction":[{"@type":"SearchAction","target":{"@type":"EntryPoint","urlTemplate":"https:\/\/laloutiere.fr\/?s={search_term_string}"},"query-input":{"@type":"PropertyValueSpecification","valueRequired":true,"valueName":"search_term_string"}}],"inLanguage":"en-US"},{"@type":"Organization","@id":"https:\/\/laloutiere.fr\/#organization","name":"G\u00eete la Louti\u00e8re","url":"https:\/\/laloutiere.fr\/","logo":{"@type":"ImageObject","inLanguage":"en-US","@id":"https:\/\/laloutiere.fr\/#\/schema\/logo\/image\/","url":"http:\/\/laloutiere.fr\/wp-content\/uploads\/2024\/03\/cropped-1-9-logo-1.jpeg","contentUrl":"http:\/\/laloutiere.fr\/wp-content\/uploads\/2024\/03\/cropped-1-9-logo-1.jpeg","width":709,"height":709,"caption":"G\u00eete la Louti\u00e8re"},"image":{"@id":"https:\/\/laloutiere.fr\/#\/schema\/logo\/image\/"}}]}},"_links":{"self":[{"href":"https:\/\/laloutiere.fr\/index.php\/wp-json\/wp\/v2\/pages\/38","targetHints":{"allow":["GET"]}}],"collection":[{"href":"https:\/\/laloutiere.fr\/index.php\/wp-json\/wp\/v2\/pages"}],"about":[{"href":"https:\/\/laloutiere.fr\/index.php\/wp-json\/wp\/v2\/types\/page"}],"author":[{"embeddable":true,"href":"https:\/\/laloutiere.fr\/index.php\/wp-json\/wp\/v2\/users\/1"}],"replies":[{"embeddable":true,"href":"https:\/\/laloutiere.fr\/index.php\/wp-json\/wp\/v2\/comments?post=38"}],"version-history":[{"count":9,"href":"https:\/\/laloutiere.fr\/index.php\/wp-json\/wp\/v2\/pages\/38\/revisions"}],"predecessor-version":[{"id":240,"href":"https:\/\/laloutiere.fr\/index.php\/wp-json\/wp\/v2\/pages\/38\/revisions\/240"}],"wp:attachment":[{"href":"https:\/\/laloutiere.fr\/index.php\/wp-json\/wp\/v2\/media?parent=38"}],"curies":[{"name":"wp","href":"https:\/\/api.w.org\/{rel}","templated":true}]}}