{"id":24,"date":"2024-03-28T11:33:09","date_gmt":"2024-03-28T10:33:09","guid":{"rendered":"http:\/\/laloutiere.fr\/?page_id=24"},"modified":"2025-01-22T23:25:23","modified_gmt":"2025-01-22T22:25:23","slug":"accueil","status":"publish","type":"page","link":"https:\/\/laloutiere.fr\/","title":{"rendered":"Accueil"},"content":{"rendered":"\n<p>Arr\u00eatez-vous pour un moment de d\u00e9tente et profitez de la nature et des lacs au c\u0153ur du Parc Naturel R\u00e9gional du Morvan.<\/p>\n\n\n\n<p>Au centre d&#8217;un village disposant de toutes les commodit\u00e9s (sup\u00e9rette, boulangerie, bar, restaurant, cin\u00e9ma\u2026), le g\u00eete la Louti\u00e8re vous propose un h\u00e9bergement dans les murs des anciennes \u00e9coles d\u2019Ouroux-en-Morvan.<\/p>\n\n\n\n<p>Voyageurs en solo ou en groupe, nous vous proposons des chambres avec diff\u00e9rents niveaux de prestation, r\u00e9pondant \u00e0 tous les budgets :<\/p>\n\n\n\n<ul class=\"wp-block-list\">\n<li><a href=\"https:\/\/laloutiere.fr\/index.php\/gite-detape\/\">G\u00eete d\u2019\u00e9tape<\/a> pour randonneurs, cyclistes ou cavaliers en escale, la Louti\u00e8re vous propose des couchages en lits simples, avec cuisine partag\u00e9e,<\/li>\n\n\n\n<li><a href=\"https:\/\/laloutiere.fr\/index.php\/gite-de-groupe-18-personnes\/\">G\u00eete de groupe<\/a> pour retrouvailles entre amis ou en famille, la louti\u00e8re dispose d\u2019une grande capacit\u00e9 : un g\u00eete de 18 lits, qui peut \u00eatre compl\u00e9t\u00e9 par les autres h\u00e9bergements du lieu, jusqu\u2019\u00e0 36 couchages,<\/li>\n\n\n\n<li><a href=\"https:\/\/laloutiere.fr\/index.php\/gite-familial-5-6-personnes\/\">G\u00eete familial<\/a> jusqu\u2019\u00e0 6 couchages, disposant d\u2019une chambre avec lit double et d\u2019une chambre avec lits simples et superpos\u00e9s, 2 salles d\u2019eau, salle \u00e0 manger et cuisine,<\/li>\n\n\n\n<li><a href=\"https:\/\/laloutiere.fr\/index.php\/chambres-doubles-cosy\/\">Chambres doubles \u00ab cosy \u00bb<\/a>, toutes \u00e9quip\u00e9es, avec salle de bain privative.<\/li>\n<\/ul>\n\n\n\n<div style=\"height:30px\" aria-hidden=\"true\" class=\"wp-block-spacer\"><\/div>\n\n\n\n<div class=\"wp-block-columns is-layout-flex wp-container-core-columns-is-layout-9d6595d7 wp-block-columns-is-layout-flex\">\n<div class=\"wp-block-column is-vertically-aligned-bottom is-layout-flow wp-block-column-is-layout-flow\">\n<div class=\"wp-block-buttons is-content-justification-center is-layout-flex wp-container-core-buttons-is-layout-51f7783f wp-block-buttons-is-layout-flex\">\n<div class=\"wp-block-button\"><a class=\"wp-block-button__link wp-element-button\">G\u00eete de groupe<\/a><\/div>\n<\/div>\n<\/div>\n\n\n\n<div class=\"wp-block-column is-layout-flow wp-block-column-is-layout-flow\">\n<div class=\"wp-block-buttons is-content-justification-center is-layout-flex wp-container-core-buttons-is-layout-16018d1d wp-block-buttons-is-layout-flex\">\n<div class=\"wp-block-button\"><a class=\"wp-block-button__link wp-element-button\">G\u00eete d&#8217;\u00e9tape<\/a><\/div>\n<\/div>\n<\/div>\n\n\n\n<div class=\"wp-block-column is-layout-flow wp-block-column-is-layout-flow\">\n<div class=\"wp-block-buttons is-content-justification-center is-layout-flex wp-container-core-buttons-is-layout-16018d1d wp-block-buttons-is-layout-flex\">\n<div class=\"wp-block-button\"><a class=\"wp-block-button__link wp-element-button\" href=\"https:\/\/laloutiere.fr\/index.php\/chambres-doubles-cosy\/\">Chambre Cosy<\/a><\/div>\n<\/div>\n<\/div>\n<\/div>\n\n\n\n<p><\/p>\n","protected":false},"excerpt":{"rendered":"<p>Arr\u00eatez-vous pour un moment de d\u00e9tente et profitez de la nature et des lacs au c\u0153ur du Parc Naturel R\u00e9gional du Morvan. Au centre d&#8217;un village disposant de toutes les &hellip; <\/p>\n","protected":false},"author":1,"featured_media":0,"parent":0,"menu_order":0,"comment_status":"closed","ping_status":"closed","template":"","meta":{"footnotes":""},"class_list":["post-24","page","type-page","status-publish","hentry"],"yoast_head":"<!-- This site is optimized with the Yoast SEO plugin v25.7 - https:\/\/yoast.com\/wordpress\/plugins\/seo\/ -->\n<title>Accueil - G\u00eete la Louti\u00e8re<\/title>\n<meta name=\"description\" content=\"G\u00eete de s\u00e9jour, d&#039;\u00e9tape, de groupe, dans le Parc du Morvan, \u00e0 proximit\u00e9 du lac de Panneci\u00e8re, du lac des Settons, des chemins de randonn\u00e9e\" \/>\n<meta name=\"robots\" content=\"index, follow, max-snippet:-1, max-image-preview:large, max-video-preview:-1\" \/>\n<link rel=\"canonical\" href=\"https:\/\/laloutiere.fr\/\" \/>\n<meta property=\"og:locale\" content=\"en_US\" \/>\n<meta property=\"og:type\" content=\"article\" \/>\n<meta property=\"og:title\" content=\"Accueil - G\u00eete la Louti\u00e8re\" \/>\n<meta property=\"og:description\" content=\"G\u00eete de s\u00e9jour, d&#039;\u00e9tape, de groupe, dans le Parc du Morvan, \u00e0 proximit\u00e9 du lac de Panneci\u00e8re, du lac des Settons, des chemins de randonn\u00e9e\" \/>\n<meta property=\"og:url\" content=\"https:\/\/laloutiere.fr\/\" \/>\n<meta property=\"og:site_name\" content=\"G\u00eete la Louti\u00e8re\" \/>\n<meta property=\"article:modified_time\" content=\"2025-01-22T22:25:23+00:00\" \/>\n<meta name=\"twitter:card\" content=\"summary_large_image\" \/>\n<meta name=\"twitter:label1\" content=\"Est. reading time\" \/>\n\t<meta name=\"twitter:data1\" content=\"1 minute\" \/>\n<script type=\"application\/ld+json\" class=\"yoast-schema-graph\">{\"@context\":\"https:\/\/schema.org\",\"@graph\":[{\"@type\":\"WebPage\",\"@id\":\"https:\/\/laloutiere.fr\/\",\"url\":\"https:\/\/laloutiere.fr\/\",\"name\":\"Accueil - G\u00eete la Louti\u00e8re\",\"isPartOf\":{\"@id\":\"https:\/\/laloutiere.fr\/#website\"},\"datePublished\":\"2024-03-28T10:33:09+00:00\",\"dateModified\":\"2025-01-22T22:25:23+00:00\",\"description\":\"G\u00eete de s\u00e9jour, d'\u00e9tape, de groupe, dans le Parc du Morvan, \u00e0 proximit\u00e9 du lac de Panneci\u00e8re, du lac des Settons, des chemins de randonn\u00e9e\",\"breadcrumb\":{\"@id\":\"https:\/\/laloutiere.fr\/#breadcrumb\"},\"inLanguage\":\"en-US\",\"potentialAction\":[{\"@type\":\"ReadAction\",\"target\":[\"https:\/\/laloutiere.fr\/\"]}]},{\"@type\":\"BreadcrumbList\",\"@id\":\"https:\/\/laloutiere.fr\/#breadcrumb\",\"itemListElement\":[{\"@type\":\"ListItem\",\"position\":1,\"name\":\"Accueil\",\"item\":\"https:\/\/laloutiere.fr\/\"},{\"@type\":\"ListItem\",\"position\":2,\"name\":\"Accueil\"}]},{\"@type\":\"WebSite\",\"@id\":\"https:\/\/laloutiere.fr\/#website\",\"url\":\"https:\/\/laloutiere.fr\/\",\"name\":\"G\u00eete la Louti\u00e8re\",\"description\":\"\",\"publisher\":{\"@id\":\"https:\/\/laloutiere.fr\/#organization\"},\"potentialAction\":[{\"@type\":\"SearchAction\",\"target\":{\"@type\":\"EntryPoint\",\"urlTemplate\":\"https:\/\/laloutiere.fr\/?s={search_term_string}\"},\"query-input\":{\"@type\":\"PropertyValueSpecification\",\"valueRequired\":true,\"valueName\":\"search_term_string\"}}],\"inLanguage\":\"en-US\"},{\"@type\":\"Organization\",\"@id\":\"https:\/\/laloutiere.fr\/#organization\",\"name\":\"G\u00eete la Louti\u00e8re\",\"url\":\"https:\/\/laloutiere.fr\/\",\"logo\":{\"@type\":\"ImageObject\",\"inLanguage\":\"en-US\",\"@id\":\"https:\/\/laloutiere.fr\/#\/schema\/logo\/image\/\",\"url\":\"http:\/\/laloutiere.fr\/wp-content\/uploads\/2024\/03\/cropped-1-9-logo-1.jpeg\",\"contentUrl\":\"http:\/\/laloutiere.fr\/wp-content\/uploads\/2024\/03\/cropped-1-9-logo-1.jpeg\",\"width\":709,\"height\":709,\"caption\":\"G\u00eete la Louti\u00e8re\"},\"image\":{\"@id\":\"https:\/\/laloutiere.fr\/#\/schema\/logo\/image\/\"}}]}<\/script>\n<!-- \/ Yoast SEO plugin. -->","yoast_head_json":{"title":"Accueil - G\u00eete la Louti\u00e8re","description":"G\u00eete de s\u00e9jour, d'\u00e9tape, de groupe, dans le Parc du Morvan, \u00e0 proximit\u00e9 du lac de Panneci\u00e8re, du lac des Settons, des chemins de randonn\u00e9e","robots":{"index":"index","follow":"follow","max-snippet":"max-snippet:-1","max-image-preview":"max-image-preview:large","max-video-preview":"max-video-preview:-1"},"canonical":"https:\/\/laloutiere.fr\/","og_locale":"en_US","og_type":"article","og_title":"Accueil - G\u00eete la Louti\u00e8re","og_description":"G\u00eete de s\u00e9jour, d'\u00e9tape, de groupe, dans le Parc du Morvan, \u00e0 proximit\u00e9 du lac de Panneci\u00e8re, du lac des Settons, des chemins de randonn\u00e9e","og_url":"https:\/\/laloutiere.fr\/","og_site_name":"G\u00eete la Louti\u00e8re","article_modified_time":"2025-01-22T22:25:23+00:00","twitter_card":"summary_large_image","twitter_misc":{"Est. reading time":"1 minute"},"schema":{"@context":"https:\/\/schema.org","@graph":[{"@type":"WebPage","@id":"https:\/\/laloutiere.fr\/","url":"https:\/\/laloutiere.fr\/","name":"Accueil - G\u00eete la Louti\u00e8re","isPartOf":{"@id":"https:\/\/laloutiere.fr\/#website"},"datePublished":"2024-03-28T10:33:09+00:00","dateModified":"2025-01-22T22:25:23+00:00","description":"G\u00eete de s\u00e9jour, d'\u00e9tape, de groupe, dans le Parc du Morvan, \u00e0 proximit\u00e9 du lac de Panneci\u00e8re, du lac des Settons, des chemins de randonn\u00e9e","breadcrumb":{"@id":"https:\/\/laloutiere.fr\/#breadcrumb"},"inLanguage":"en-US","potentialAction":[{"@type":"ReadAction","target":["https:\/\/laloutiere.fr\/"]}]},{"@type":"BreadcrumbList","@id":"https:\/\/laloutiere.fr\/#breadcrumb","itemListElement":[{"@type":"ListItem","position":1,"name":"Accueil","item":"https:\/\/laloutiere.fr\/"},{"@type":"ListItem","position":2,"name":"Accueil"}]},{"@type":"WebSite","@id":"https:\/\/laloutiere.fr\/#website","url":"https:\/\/laloutiere.fr\/","name":"G\u00eete la Louti\u00e8re","description":"","publisher":{"@id":"https:\/\/laloutiere.fr\/#organization"},"potentialAction":[{"@type":"SearchAction","target":{"@type":"EntryPoint","urlTemplate":"https:\/\/laloutiere.fr\/?s={search_term_string}"},"query-input":{"@type":"PropertyValueSpecification","valueRequired":true,"valueName":"search_term_string"}}],"inLanguage":"en-US"},{"@type":"Organization","@id":"https:\/\/laloutiere.fr\/#organization","name":"G\u00eete la Louti\u00e8re","url":"https:\/\/laloutiere.fr\/","logo":{"@type":"ImageObject","inLanguage":"en-US","@id":"https:\/\/laloutiere.fr\/#\/schema\/logo\/image\/","url":"http:\/\/laloutiere.fr\/wp-content\/uploads\/2024\/03\/cropped-1-9-logo-1.jpeg","contentUrl":"http:\/\/laloutiere.fr\/wp-content\/uploads\/2024\/03\/cropped-1-9-logo-1.jpeg","width":709,"height":709,"caption":"G\u00eete la Louti\u00e8re"},"image":{"@id":"https:\/\/laloutiere.fr\/#\/schema\/logo\/image\/"}}]}},"_links":{"self":[{"href":"https:\/\/laloutiere.fr\/index.php\/wp-json\/wp\/v2\/pages\/24","targetHints":{"allow":["GET"]}}],"collection":[{"href":"https:\/\/laloutiere.fr\/index.php\/wp-json\/wp\/v2\/pages"}],"about":[{"href":"https:\/\/laloutiere.fr\/index.php\/wp-json\/wp\/v2\/types\/page"}],"author":[{"embeddable":true,"href":"https:\/\/laloutiere.fr\/index.php\/wp-json\/wp\/v2\/users\/1"}],"replies":[{"embeddable":true,"href":"https:\/\/laloutiere.fr\/index.php\/wp-json\/wp\/v2\/comments?post=24"}],"version-history":[{"count":8,"href":"https:\/\/laloutiere.fr\/index.php\/wp-json\/wp\/v2\/pages\/24\/revisions"}],"predecessor-version":[{"id":253,"href":"https:\/\/laloutiere.fr\/index.php\/wp-json\/wp\/v2\/pages\/24\/revisions\/253"}],"wp:attachment":[{"href":"https:\/\/laloutiere.fr\/index.php\/wp-json\/wp\/v2\/media?parent=24"}],"curies":[{"name":"wp","href":"https:\/\/api.w.org\/{rel}","templated":true}]}}